{"id":5802,"date":"2025-07-04T15:27:36","date_gmt":"2025-07-04T15:27:36","guid":{"rendered":"https:\/\/www.bralimpia.com.br\/es\/?page_id=5802"},"modified":"2025-07-04T15:28:03","modified_gmt":"2025-07-04T15:28:03","slug":"armacao-flat-mop","status":"publish","type":"page","link":"https:\/\/www.bralimpia.com.br\/es\/armacao-flat-mop\/","title":{"rendered":"ARMA\u00c7\u00c3O FLAT MOP"},"content":{"rendered":"<p>[vc_row parallax=&#8221;content-moving-fade&#8221; parallax_image=&#8221;3507&#8243; stm_fullwidth=&#8221;yes&#8221; css=&#8221;.vc_custom_1502248256470{margin-top: 0px !important;margin-bottom: 0px !important;padding-top: 100px !important;padding-bottom: 100px !important;}&#8221;][vc_column][vc_custom_heading text=&#8221;KITS BRALIMPIA&#8221; font_container=&#8221;tag:h1|font_size:50|text_align:center|color:%23ffffff&#8221; google_fonts=&#8221;font_family:Lato%3A100%2C100italic%2C300%2C300italic%2Cregular%2Citalic%2C700%2C700italic%2C900%2C900italic|font_style:300%20light%20regular%3A300%3Anormal&#8221;][\/vc_column][\/vc_row][vc_row css=&#8221;.vc_custom_1458590592718{margin-top: 20px !important;padding-bottom: 20px !important;}&#8221;][vc_column width=&#8221;1\/2&#8243;][vc_empty_space][layerslider_vc id=&#8221;121&#8243;][\/vc_column][vc_column width=&#8221;1\/2&#8243;][vc_empty_space height=&#8221;50px&#8221;][vc_custom_heading text=&#8221;KITS BRALIMPIA&#8221; font_container=&#8221;tag:h2|font_size:37|text_align:center|line_height:1%2C3&#8243; google_fonts=&#8221;font_family:Lato%3A100%2C100italic%2C300%2C300italic%2Cregular%2Citalic%2C700%2C700italic%2C900%2C900italic|font_style:300%20light%20regular%3A300%3Anormal&#8221;][vc_empty_space height=&#8221;20px&#8221;][vc_tta_tabs active_section=&#8221;1&#8243;][vc_tta_section i_icon_fontawesome=&#8221;fa fa-chevron-right&#8221; add_icon=&#8221;true&#8221; title=&#8221;DESCRIPCI\u00d3N&#8221; tab_id=&#8221;1458228299806-0b58c500-4352c2f9-01d8d5a2-cf527100-e606&#8243;][vc_column_text css=&#8221;.vc_custom_1751642855385{margin-top: 0px !important;padding-top: 0px !important;}&#8221;]<strong>ARMA\u00c7\u00c3O FLAT MOP<\/strong><\/p>\n<p><strong>APLICA\u00c7\u00c3O:<\/strong><br \/>\nArma\u00e7\u00e3o em alum\u00ednio com junta articulada para a utiliza\u00e7\u00e3o de refis em microfibra na limpeza de pisos em geral. Superf\u00edcies extremamente lisas e uniformes que podem ser facilmente higienizadas otimizando a seguran\u00e7a na limpeza.<br \/>\nPotentes velcros fixam os refis de forma a exercer uma press\u00e3o uniforme e aplicar a solu\u00e7\u00e3o de limpeza por igual, otimizando o resultado da limpeza.<\/p>\n<p>Arma\u00e7\u00f5es fornecidas em 2 larguras diferentes: 9 e 11 cm.<\/p>\n<p><strong>COMPOSI\u00c7\u00c3O:<\/strong><br \/>\nFicha T\u00e9cnica<br \/>\n\u2013 Corpo da arma\u00e7\u00e3o: Alum\u00ednio.<br \/>\n\u2013 Junta articulada da arma\u00e7\u00e3o produzida em termopl\u00e1sticos Polipropileno.<br \/>\n\u2013 Suportes para panos: Polietileno.[\/vc_column_text][\/vc_tta_section][vc_tta_section title=&#8221;ESPECIFICACIONES&#8221; tab_id=&#8221;1469117726976-61464585-b617c2f9-01d8d5a2-cf527100-e606&#8243;][vc_column_text]<\/p>\n<table style=\"height: 365px;\" width=\"533\">\n<tbody>\n<tr>\n<td width=\"119\"><strong>Descri\u00e7\u00e3o<\/strong><\/td>\n<td style=\"text-align: center;\" width=\"64\"><strong>Comp.<\/strong><\/td>\n<td style=\"text-align: center;\" width=\"64\"><strong>Largura<\/strong><\/td>\n<td style=\"text-align: center;\" width=\"64\"><strong>Altura<\/strong><\/td>\n<td style=\"text-align: center;\" width=\"64\"><strong>Peso<\/strong><\/td>\n<td style=\"text-align: center;\" width=\"93\"><strong>C\u00f3digos<\/strong><\/td>\n<\/tr>\n<tr>\n<td>Individual<\/td>\n<td style=\"text-align: center;\">45 cm<\/td>\n<td style=\"text-align: center;\"><strong>9 cm<\/strong><\/td>\n<td style=\"text-align: center;\">\u00a05 cm<\/td>\n<td style=\"text-align: center;\">0,320 kg<\/td>\n<td style=\"text-align: center;\">AFM459<\/td>\n<\/tr>\n<tr>\n<td>Caixas com 4<\/td>\n<td style=\"text-align: center;\">135 cm<\/td>\n<td style=\"text-align: center;\">12 cm<\/td>\n<td style=\"text-align: center;\">45 cm<\/td>\n<td style=\"text-align: center;\">1,380 kg<\/td>\n<td style=\"text-align: center;\">MVAFM459<\/td>\n<\/tr>\n<tr>\n<td style=\"text-align: center;\">\u2022<\/td>\n<td style=\"text-align: center;\">\u2022<\/td>\n<td style=\"text-align: center;\">\u2022<\/td>\n<td style=\"text-align: center;\">\u2022<\/td>\n<td style=\"text-align: center;\">\u2022<\/td>\n<td style=\"text-align: center;\">\u2022<\/td>\n<\/tr>\n<tr>\n<td>Individual<\/td>\n<td style=\"text-align: center;\">45 cm<\/td>\n<td style=\"text-align: center;\"><strong>11 cm<\/strong><\/td>\n<td style=\"text-align: center;\">\u00a05 cm<\/td>\n<td style=\"text-align: center;\">0,400 kg<\/td>\n<td style=\"text-align: center;\">AFM4511<\/td>\n<\/tr>\n<tr>\n<td>Caixas com 4<\/td>\n<td style=\"text-align: center;\">135 cm<\/td>\n<td style=\"text-align: center;\">12 cm<\/td>\n<td style=\"text-align: center;\">45 cm<\/td>\n<td style=\"text-align: center;\">1,700 kg<\/td>\n<td style=\"text-align: center;\">MVAFM4511<\/td>\n<\/tr>\n<tr>\n<td><\/td>\n<td><\/td>\n<td><\/td>\n<td><\/td>\n<td><\/td>\n<td><\/td>\n<\/tr>\n<tr>\n<td colspan=\"4\"><strong><em>* Vendidos somente em caixas com 4 unidades<\/em><\/strong><\/td>\n<td><\/td>\n<td><\/td>\n<\/tr>\n<\/tbody>\n<\/table>\n<p>[\/vc_column_text][\/vc_tta_section][vc_tta_section title=&#8221;DOWNLOAD&#8221; tab_id=&#8221;1458573806081-b062d59d-1a7bc2f9-01d8d5a2-cf527100-e606&#8243;][vc_single_image image=&#8221;2704&#8243; img_size=&#8221;full&#8221; alignment=&#8221;center&#8221; onclick=&#8221;custom_link&#8221; link=&#8221;https:\/\/mega.nz\/folder\/OY0RhCRQ#GYzGhCbOdBkIkYnXnfYI-Q&#8221;][\/vc_tta_section][\/vc_tta_tabs][\/vc_column][\/vc_row][vc_row full_width=&#8221;stretch_row&#8221; css=&#8221;.vc_custom_1616777957016{border-bottom-width: 40px !important;padding-top: 40px !important;background-color: rgba(30,115,190,0.32) !important;*background-color: rgb(30,115,190) !important;}&#8221;][vc_column][vc_row_inner css=&#8221;.vc_custom_1616778446434{padding-top: 40px !important;padding-bottom: 40px !important;}&#8221;][vc_column_inner width=&#8221;1\/3&#8243;][vc_single_image image=&#8221;5803&#8243; img_size=&#8221;300&#215;400&#8243; alignment=&#8221;center&#8221;][\/vc_column_inner][vc_column_inner width=&#8221;1\/3&#8243;][vc_single_image image=&#8221;5804&#8243; img_size=&#8221;300&#215;400&#8243; alignment=&#8221;center&#8221;][\/vc_column_inner][vc_column_inner width=&#8221;1\/3&#8243;][vc_single_image image=&#8221;5805&#8243; img_size=&#8221;300&#215;400&#8243;][\/vc_column_inner][\/vc_row_inner][vc_column_text]<\/p>\n<p style=\"text-align: center;\">Potente velcro\u00a0 fixa os refis de forma a exercer uma press\u00e3o uniforme e aplicar a solu\u00e7\u00e3o de<br \/>\nlimpeza por igual, otimizando o resultado da limpeza com maior conforto e facilidade para os operadores.<\/p>\n<p>[\/vc_column_text][vc_empty_space height=&#8221;40px&#8221;][\/vc_column][\/vc_row][vc_row full_width=&#8221;stretch_row&#8221; css=&#8221;.vc_custom_1751641841776{border-bottom-width: 40px !important;padding-top: 40px !important;}&#8221;][vc_column][vc_row_inner content_placement=&#8221;middle&#8221; css=&#8221;.vc_custom_1751642885382{padding-top: 40px !important;padding-bottom: 40px !important;}&#8221;][vc_column_inner width=&#8221;1\/3&#8243;][vc_single_image image=&#8221;5806&#8243; img_size=&#8221;300&#215;400&#8243; alignment=&#8221;center&#8221;][\/vc_column_inner][vc_column_inner width=&#8221;1\/3&#8243;][vc_single_image image=&#8221;5807&#8243; img_size=&#8221;300&#215;400&#8243; alignment=&#8221;center&#8221;][\/vc_column_inner][vc_column_inner width=&#8221;1\/3&#8243;][vc_column_text]Superf\u00edcies extremamente lisas e uniformes<br \/>\nque podem ser facilmente higienizadas<br \/>\notimizando a seguran\u00e7a na limpeza.[\/vc_column_text][\/vc_column_inner][\/vc_row_inner][vc_empty_space height=&#8221;40px&#8221;][\/vc_column][\/vc_row][vc_row full_width=&#8221;stretch_row&#8221; css=&#8221;.vc_custom_1751641836343{border-bottom-width: 40px !important;padding-top: 40px !important;background-color: rgba(30,115,190,0.32) !important;*background-color: rgb(30,115,190) !important;}&#8221;][vc_column][vc_row_inner content_placement=&#8221;middle&#8221; css=&#8221;.vc_custom_1616778455066{padding-top: 40px !important;padding-bottom: 40px !important;}&#8221;][vc_column_inner width=&#8221;1\/3&#8243;][vc_single_image image=&#8221;5721&#8243; img_size=&#8221;300&#215;400&#8243;][\/vc_column_inner][vc_column_inner width=&#8221;1\/3&#8243;][vc_single_image image=&#8221;5723&#8243; img_size=&#8221;300&#215;400&#8243;][\/vc_column_inner][vc_column_inner width=&#8221;1\/3&#8243;][vc_column_text]<\/p>\n<h3>Trava de ajuste do \u00e2ngulo de trabalho do suporte.<\/h3>\n<p>A trava permite liberar a arma\u00e7\u00e3o para ter movimento livre em todas as dire\u00e7\u00f5es.[\/vc_column_text][\/vc_column_inner][\/vc_row_inner][vc_empty_space height=&#8221;40px&#8221;][\/vc_column][\/vc_row]<\/p>\n","protected":false},"excerpt":{"rendered":"<p>[vc_row parallax=&#8221;content-moving-fade&#8221; parallax_image=&#8221;3507&#8243; stm_fullwidth=&#8221;yes&#8221; css=&#8221;.vc_custom_1502248256470{margin-top: 0px !important;margin-bottom: 0px !important;padding-top: 100px !important;padding-bottom: 100px !important;}&#8221;][vc_column][vc_custom_heading text=&#8221;KITS BRALIMPIA&#8221; font_container=&#8221;tag:h1|font_size:50|text_align:center|color:%23ffffff&#8221; google_fonts=&#8221;font_family:Lato%3A100%2C100italic%2C300%2C300italic%2Cregular%2Citalic%2C700%2C700italic%2C900%2C900italic|font_style:300%20light%20regular%3A300%3Anormal&#8221;][\/vc_column][\/vc_row][vc_row css=&#8221;.vc_custom_1458590592718{margin-top: 20px !important;padding-bottom: 20px !important;}&#8221;][vc_column width=&#8221;1\/2&#8243;][vc_empty_space][layerslider_vc id=&#8221;121&#8243;][\/vc_column][vc_column width=&#8221;1\/2&#8243;][vc_empty_space height=&#8221;50px&#8221;][vc_custom_heading text=&#8221;KITS BRALIMPIA&#8221; font_container=&#8221;tag:h2|font_size:37|text_align:center|line_height:1%2C3&#8243; google_fonts=&#8221;font_family:Lato%3A100%2C100italic%2C300%2C300italic%2Cregular%2Citalic%2C700%2C700italic%2C900%2C900italic|font_style:300%20light%20regular%3A300%3Anormal&#8221;][vc_empty_space height=&#8221;20px&#8221;][vc_tta_tabs active_section=&#8221;1&#8243;][vc_tta_section i_icon_fontawesome=&#8221;fa fa-chevron-right&#8221; add_icon=&#8221;true&#8221; title=&#8221;DESCRIPCI\u00d3N&#8221; tab_id=&#8221;1458228299806-0b58c500-4352c2f9-01d8d5a2-cf527100-e606&#8243;][vc_column_text css=&#8221;.vc_custom_1751642855385{margin-top: 0px !important;padding-top: 0px !important;}&#8221;]ARMA\u00c7\u00c3O FLAT MOP APLICA\u00c7\u00c3O: Arma\u00e7\u00e3o em alum\u00ednio com junta articulada para a utiliza\u00e7\u00e3o de&#8230;<\/p>\n","protected":false},"author":9,"featured_media":0,"parent":0,"menu_order":0,"comment_status":"closed","ping_status":"closed","template":"","meta":[],"_links":{"self":[{"href":"https:\/\/www.bralimpia.com.br\/es\/wp-json\/wp\/v2\/pages\/5802"}],"collection":[{"href":"https:\/\/www.bralimpia.com.br\/es\/wp-json\/wp\/v2\/pages"}],"about":[{"href":"https:\/\/www.bralimpia.com.br\/es\/wp-json\/wp\/v2\/types\/page"}],"author":[{"embeddable":true,"href":"https:\/\/www.bralimpia.com.br\/es\/wp-json\/wp\/v2\/users\/9"}],"replies":[{"embeddable":true,"href":"https:\/\/www.bralimpia.com.br\/es\/wp-json\/wp\/v2\/comments?post=5802"}],"version-history":[{"count":2,"href":"https:\/\/www.bralimpia.com.br\/es\/wp-json\/wp\/v2\/pages\/5802\/revisions"}],"predecessor-version":[{"id":5809,"href":"https:\/\/www.bralimpia.com.br\/es\/wp-json\/wp\/v2\/pages\/5802\/revisions\/5809"}],"wp:attachment":[{"href":"https:\/\/www.bralimpia.com.br\/es\/wp-json\/wp\/v2\/media?parent=5802"}],"curies":[{"name":"wp","href":"https:\/\/api.w.org\/{rel}","templated":true}]}}