{"id":5748,"date":"2025-07-04T14:09:16","date_gmt":"2025-07-04T14:09:16","guid":{"rendered":"https:\/\/www.bralimpia.com.br\/es\/?page_id=5748"},"modified":"2025-07-04T14:12:54","modified_gmt":"2025-07-04T14:12:54","slug":"bac-rodo-hosp","status":"publish","type":"page","link":"https:\/\/www.bralimpia.com.br\/es\/bac-rodo-hosp\/","title":{"rendered":"Bac Rodo Hosp"},"content":{"rendered":"<p>[vc_row parallax=&#8221;content-moving-fade&#8221; parallax_image=&#8221;5749&#8243; stm_fullwidth=&#8221;yes&#8221; css=&#8221;.vc_custom_1751637869956{margin-top: 0px !important;margin-bottom: 0px !important;padding-top: 100px !important;padding-bottom: 100px !important;}&#8221;][vc_column][\/vc_column][\/vc_row][vc_row css=&#8221;.vc_custom_1620072249967{margin-top: 20px !important;padding-bottom: 40px !important;}&#8221;][vc_column width=&#8221;1\/2&#8243;][vc_empty_space][vc_single_image image=&#8221;5750&#8243; img_size=&#8221;500&#215;586&#8243;][\/vc_column][vc_column width=&#8221;1\/2&#8243;][vc_empty_space height=&#8221;50px&#8221;][vc_custom_heading text=&#8221;Bac Rodo Hosp&#8221; font_container=&#8221;tag:h2|font_size:37|text_align:center|line_height:1%2C3&#8243; google_fonts=&#8221;font_family:Lato%3A100%2C100italic%2C300%2C300italic%2Cregular%2Citalic%2C700%2C700italic%2C900%2C900italic|font_style:300%20light%20regular%3A300%3Anormal&#8221;][vc_empty_space height=&#8221;20px&#8221;][vc_tta_tabs active_section=&#8221;1&#8243;][vc_tta_section i_icon_fontawesome=&#8221;fa fa-chevron-right&#8221; add_icon=&#8221;true&#8221; title=&#8221;DESCRIPCI\u00d3N&#8221; tab_id=&#8221;1458228299806-0b58c500-4352c2f9-01d853db-3476328c-ce42&#8243;][vc_column_text css=&#8221;.vc_custom_1751638052859{margin-top: 0px !important;padding-top: 0px !important;}&#8221;]<img class=\"alignnone wp-image-9745\" src=\"https:\/\/www.bralimpia.com.br\/wp-content\/uploads\/2025\/05\/bac-rodo-hosp.svg\" alt=\"\" width=\"150\" \/><\/p>\n<p><strong>Manopla Girat\u00f3ria<\/strong><br \/>\nAl\u00e9m de extremamente resiste, o Bac Mop Evolution n\u00e3o possui partes sens\u00edveis e sujeitas a quebras constantes.<br \/>\nMaior vida \u00fatil e tempo destinado ao trabalho.<\/p>\n<p><strong>Cabo em Alum\u00ednio<\/strong><br \/>\nFabricado em alum\u00ednio apresenta extrema durabilidade.<br \/>\nSuperf\u00edcie f\u00e1cil de higienizar para refor\u00e7ar a seguran\u00e7a da limpeza.<\/p>\n<p>Pode ser utilizado em \u00e1reas com equipamentos que tenham o magnetismo em sua forma de atua\u00e7\u00e3o como tom\u00f3grafos e outros.[\/vc_column_text][\/vc_tta_section][vc_tta_section title=&#8221;ESPECIFICACIONES&#8221; tab_id=&#8221;1469117726976-61464585-b617c2f9-01d853db-3476328c-ce42&#8243;][vc_column_text]<\/p>\n<table border=\"0\" cellspacing=\"0\" cellpadding=\"0\">\n<tbody>\n<tr>\n<td class=\"xl67\" height=\"21\"><span style=\"font-family: Arial;\">Descri\u00e7\u00e3o<\/span><\/td>\n<td class=\"xl68\"><span style=\"font-family: Arial;\">Peso<\/span><\/td>\n<td class=\"xl67\" height=\"21\"><span style=\"font-family: Arial;\">Comp.<\/span><\/td>\n<td class=\"xl67\" height=\"21\"><span style=\"font-family: Arial;\">Larg.<\/span><\/td>\n<td class=\"xl68\"><span style=\"font-family: Arial;\">Alt<\/span><\/td>\n<\/tr>\n<tr>\n<td class=\"xl69\" height=\"25\"><span style=\"font-family: Arial;\">Individual &#8211; Montado<\/span><\/td>\n<td class=\"xl70\"><span style=\"font-family: Arial;\">0,732 kg<\/span><\/td>\n<td class=\"xl68\"><span style=\"font-family: Arial;\">50 cm<\/span><\/td>\n<td class=\"xl67\" height=\"21\"><span style=\"font-family: Arial;\">10 cm<\/span><\/td>\n<td class=\"xl68\"><span style=\"font-family: Arial;\">161 cm<\/span><\/td>\n<\/tr>\n<tr>\n<td class=\"xl69\" height=\"25\"><span style=\"font-family: Arial;\">Caixas 4 unidades<\/span><\/td>\n<td class=\"xl70\"><span style=\"font-family: Arial;\">3,371 kg<\/span><\/td>\n<td class=\"xl68\"><span style=\"font-family: Arial;\">145 cm<\/span><\/td>\n<td class=\"xl67\" height=\"21\"><span style=\"font-family: Arial;\">17 cm<\/span><\/td>\n<td class=\"xl68\"><span style=\"font-family: Arial;\">11 cm<\/span><\/td>\n<\/tr>\n<\/tbody>\n<\/table>\n<p>[\/vc_column_text][\/vc_tta_section][vc_tta_section title=&#8221;DOWNLOAD&#8221; tab_id=&#8221;1458573806081-b062d59d-1a7bc2f9-01d853db-3476328c-ce42&#8243;][vc_single_image image=&#8221;2704&#8243; img_size=&#8221;full&#8221; alignment=&#8221;center&#8221; onclick=&#8221;custom_link&#8221; link=&#8221;#&#8221;][\/vc_tta_section][\/vc_tta_tabs][\/vc_column][\/vc_row][vc_row full_width=&#8221;stretch_row&#8221; css=&#8221;.vc_custom_1616777957016{border-bottom-width: 40px !important;padding-top: 40px !important;background-color: rgba(30,115,190,0.32) !important;*background-color: rgb(30,115,190) !important;}&#8221;][vc_column][vc_row_inner][vc_column_inner width=&#8221;1\/3&#8243;][\/vc_column_inner][vc_column_inner width=&#8221;1\/3&#8243;][vc_single_image image=&#8221;5751&#8243; img_size=&#8221;300&#215;300&#8243; alignment=&#8221;center&#8221;][vc_column_text]<\/p>\n<p style=\"text-align: center;\">Sistema de cores para a identi\ufb01ca\u00e7\u00e3o de \u00e1reas<br \/>\ne preven\u00e7\u00e3o das contamina\u00e7\u00f5es cruzadas.<\/p>\n<p>[\/vc_column_text][\/vc_column_inner][vc_column_inner width=&#8221;1\/3&#8243;][\/vc_column_inner][\/vc_row_inner][vc_empty_space height=&#8221;40px&#8221;][\/vc_column][\/vc_row]<\/p>\n","protected":false},"excerpt":{"rendered":"<p>[vc_row parallax=&#8221;content-moving-fade&#8221; parallax_image=&#8221;5749&#8243; stm_fullwidth=&#8221;yes&#8221; css=&#8221;.vc_custom_1751637869956{margin-top: 0px !important;margin-bottom: 0px !important;padding-top: 100px !important;padding-bottom: 100px !important;}&#8221;][vc_column][\/vc_column][\/vc_row][vc_row css=&#8221;.vc_custom_1620072249967{margin-top: 20px !important;padding-bottom: 40px !important;}&#8221;][vc_column width=&#8221;1\/2&#8243;][vc_empty_space][vc_single_image image=&#8221;5750&#8243; img_size=&#8221;500&#215;586&#8243;][\/vc_column][vc_column width=&#8221;1\/2&#8243;][vc_empty_space height=&#8221;50px&#8221;][vc_custom_heading text=&#8221;Bac Rodo Hosp&#8221; font_container=&#8221;tag:h2|font_size:37|text_align:center|line_height:1%2C3&#8243; google_fonts=&#8221;font_family:Lato%3A100%2C100italic%2C300%2C300italic%2Cregular%2Citalic%2C700%2C700italic%2C900%2C900italic|font_style:300%20light%20regular%3A300%3Anormal&#8221;][vc_empty_space height=&#8221;20px&#8221;][vc_tta_tabs active_section=&#8221;1&#8243;][vc_tta_section i_icon_fontawesome=&#8221;fa fa-chevron-right&#8221; add_icon=&#8221;true&#8221; title=&#8221;DESCRIPCI\u00d3N&#8221; tab_id=&#8221;1458228299806-0b58c500-4352c2f9-01d853db-3476328c-ce42&#8243;][vc_column_text css=&#8221;.vc_custom_1751638052859{margin-top: 0px !important;padding-top: 0px !important;}&#8221;] Manopla Girat\u00f3ria Al\u00e9m de extremamente resiste, o Bac Mop Evolution n\u00e3o possui partes sens\u00edveis e&#8230;<\/p>\n","protected":false},"author":9,"featured_media":0,"parent":0,"menu_order":0,"comment_status":"closed","ping_status":"closed","template":"","meta":[],"_links":{"self":[{"href":"https:\/\/www.bralimpia.com.br\/es\/wp-json\/wp\/v2\/pages\/5748"}],"collection":[{"href":"https:\/\/www.bralimpia.com.br\/es\/wp-json\/wp\/v2\/pages"}],"about":[{"href":"https:\/\/www.bralimpia.com.br\/es\/wp-json\/wp\/v2\/types\/page"}],"author":[{"embeddable":true,"href":"https:\/\/www.bralimpia.com.br\/es\/wp-json\/wp\/v2\/users\/9"}],"replies":[{"embeddable":true,"href":"https:\/\/www.bralimpia.com.br\/es\/wp-json\/wp\/v2\/comments?post=5748"}],"version-history":[{"count":4,"href":"https:\/\/www.bralimpia.com.br\/es\/wp-json\/wp\/v2\/pages\/5748\/revisions"}],"predecessor-version":[{"id":5755,"href":"https:\/\/www.bralimpia.com.br\/es\/wp-json\/wp\/v2\/pages\/5748\/revisions\/5755"}],"wp:attachment":[{"href":"https:\/\/www.bralimpia.com.br\/es\/wp-json\/wp\/v2\/media?parent=5748"}],"curies":[{"name":"wp","href":"https:\/\/api.w.org\/{rel}","templated":true}]}}