{"id":5730,"date":"2025-07-04T13:30:19","date_gmt":"2025-07-04T13:30:19","guid":{"rendered":"https:\/\/www.bralimpia.com.br\/es\/?page_id=5730"},"modified":"2025-07-04T13:36:20","modified_gmt":"2025-07-04T13:36:20","slug":"carros-hamper","status":"publish","type":"page","link":"https:\/\/www.bralimpia.com.br\/es\/carros-hamper\/","title":{"rendered":"Carros Hamper"},"content":{"rendered":"<p>[vc_row parallax=&#8221;content-moving-fade&#8221; parallax_image=&#8221;4916&#8243; stm_fullwidth=&#8221;yes&#8221; css=&#8221;.vc_custom_1751634923238{margin-top: 0px !important;margin-bottom: 0px !important;padding-top: 100px !important;padding-bottom: 100px !important;}&#8221;][vc_column][vc_custom_heading text=&#8221;Carros Funcionais \/ <strong>Carro Hamper<\/strong>&#8221; font_container=&#8221;tag:h1|font_size:50|text_align:center|color:%23ffffff&#8221; google_fonts=&#8221;font_family:Lato%3A100%2C100italic%2C300%2C300italic%2Cregular%2Citalic%2C700%2C700italic%2C900%2C900italic|font_style:300%20light%20regular%3A300%3Anormal&#8221;][\/vc_column][\/vc_row][vc_row css=&#8221;.vc_custom_1620072249967{margin-top: 20px !important;padding-bottom: 40px !important;}&#8221;][vc_column width=&#8221;1\/2&#8243;][vc_empty_space][layerslider_vc id=&#8221;120&#8243;][\/vc_column][vc_column width=&#8221;1\/2&#8243;][vc_empty_space height=&#8221;50px&#8221;][vc_custom_heading text=&#8221;Carros Hamper &#8211; Com e Sem Fechamentos&#8221; font_container=&#8221;tag:h2|font_size:37|text_align:center|line_height:1%2C3&#8243; google_fonts=&#8221;font_family:Lato%3A100%2C100italic%2C300%2C300italic%2Cregular%2Citalic%2C700%2C700italic%2C900%2C900italic|font_style:900%20bold%20regular%3A900%3Anormal&#8221;][vc_empty_space height=&#8221;20px&#8221;][vc_tta_tabs active_section=&#8221;1&#8243;][vc_tta_section i_icon_fontawesome=&#8221;fa fa-chevron-right&#8221; add_icon=&#8221;true&#8221; title=&#8221;DESCRIPCI\u00d3N&#8221; tab_id=&#8221;1458228299806-0b58c500-4352c2f9-01d853db-347627d0-69a1&#8243;][vc_column_text css=&#8221;.vc_custom_1751635066692{margin-top: 0px !important;padding-top: 0px !important;}&#8221;]<strong>APLICA\u00c7\u00d5ES<\/strong><br \/>\nTransporte de roupas, enxovais, toalhas, tecidos e outros, entre os processos de lavagem e locais onde s\u00e3o utilizados e vice e versa. Podem ser utilizados em hot\u00e9is e resorts, hospitais, cl\u00ednicas e laborat\u00f3rios, ind\u00fastrias, lavanderias, etc.<\/p>\n<p><strong>Composi\u00e7\u00e3o<\/strong><br \/>\n&#8211; Rod\u00edzios: \u00d8 4\u201d \u2013 Polipropileno e PVC.<br \/>\n&#8211; Estrutura: Base superior, base inferior em Polipropileno e colunas em alum\u00ednio.<br \/>\n&#8211; Tecido: Nylon<\/p>\n<p><strong>Vantagens:<\/strong><br \/>\nEstrutura robusta em alum\u00ednio e prolipropileno proporciona extrema durabilidade, transformando sua aquisi\u00e7\u00e3o em um investimento. Tecidos podem ser trocados aumentando sua vida \u00fatil. Z\u00edperes na parte de cima e da frente permite maior \ufb02exibilidade em seu uso, bem como, facilitam as a\u00e7\u00f5es de carregamento e descarregamento.<br \/>\nTecidos de fechamento podem ser fornecidos em cores*, permitindo a identi\ufb01ca\u00e7\u00e3o dos locais onde os carros podem ou n\u00e3o serem utilizados.<br \/>\nSistema de \ufb01xa\u00e7\u00e3o dos tecidos de fechamento em velcros que permitem que sejam retirados, lavados e descontaminados.<br \/>\nAl\u00e7a ergon\u00f4mica facilita seu deslocamento pelos operadores.<\/p>\n<p><strong>S\u00e3o Fornecidos em cada carro:<\/strong><br \/>\n&#8211; 02 unidades &#8211; Suportes \ufb01xadores<br \/>\n&#8211; 02 unidades &#8211; Placas sinalizadoras de cada cor: Amarela \/ Azul \/ Branca \/ Verde \/ Vermelha[\/vc_column_text][\/vc_tta_section][vc_tta_section title=&#8221;ESPECIFICACIONES&#8221; tab_id=&#8221;1469117726976-61464585-b617c2f9-01d853db-347627d0-69a1&#8243;][vc_column_text]<\/p>\n<table border=\"0\">\n<tbody>\n<tr style=\"text-align: center;\">\n<td><b>C\u00f3digo<\/b><\/td>\n<td><b>Item<\/b><\/td>\n<td><b>Cor Tecido Bolsa<\/b><\/td>\n<td><b>C\u00f3digo de Barras<\/b><\/td>\n<\/tr>\n<tr style=\"text-align: center;\">\n<td>HAMPLUS<\/td>\n<td>COM FECHAMENTO<\/td>\n<td>AZUL<\/td>\n<td>7899718321377<\/td>\n<\/tr>\n<tr style=\"text-align: center;\">\n<td>HAMPER<\/td>\n<td>SEM FECHAMENTO<\/td>\n<td>AZUL<\/td>\n<td>7899718321384<\/td>\n<\/tr>\n<\/tbody>\n<\/table>\n<p><strong>Observa\u00e7\u00f5es<\/strong> *COR PADR\u00c3O DA BOLSA EM AZUL. OUTRAS CORES (AMARELA \/ VERDE \/ VERMELHA), DEVEM SER CONSULTADAS E TER\u00c3O QUANTIDADES M\u00cdNIMAS PARA SUA COMERCIALIZA\u00c7\u00c3O.<\/p>\n<table border=\"0\">\n<tbody>\n<tr style=\"text-align: center;\">\n<td><b>SEM FECHAMENTO<\/b><\/td>\n<td><b>Comp.<\/b><\/td>\n<td><b>Larg.<\/b><\/td>\n<td><b>Alt.<\/b><\/td>\n<td><b>Peso Individual<\/b><\/td>\n<\/tr>\n<tr style=\"text-align: center;\">\n<td><\/td>\n<td>127 cm<\/td>\n<td>60 cm<\/td>\n<td>112 cm<\/td>\n<td>13 kg<\/td>\n<\/tr>\n<tr style=\"text-align: center;\">\n<td><b>COM FECHAMENTO<\/b><\/td>\n<td><b>Comp.<\/b><\/td>\n<td><b>Larg.<\/b><\/td>\n<td><b>Alt.<\/b><\/td>\n<td><b>Peso Individual<\/b><\/td>\n<\/tr>\n<tr style=\"text-align: center;\">\n<td><\/td>\n<td>127 cm<\/td>\n<td>60 cm<\/td>\n<td>112 cm<\/td>\n<td>19 kg<\/td>\n<\/tr>\n<\/tbody>\n<\/table>\n<p>[\/vc_column_text][\/vc_tta_section][vc_tta_section title=&#8221;DOWNLOAD&#8221; tab_id=&#8221;1458573806081-b062d59d-1a7bc2f9-01d853db-347627d0-69a1&#8243;][vc_single_image image=&#8221;2704&#8243; img_size=&#8221;full&#8221; alignment=&#8221;center&#8221; onclick=&#8221;custom_link&#8221; link=&#8221;https:\/\/mega.nz\/fm\/LJcGkBZT&#8221;][\/vc_tta_section][\/vc_tta_tabs][\/vc_column][\/vc_row][vc_row full_width=&#8221;stretch_row&#8221; css=&#8221;.vc_custom_1616777957016{border-bottom-width: 40px !important;padding-top: 40px !important;background-color: rgba(30,115,190,0.32) !important;*background-color: rgb(30,115,190) !important;}&#8221;][vc_column][vc_row_inner content_placement=&#8221;middle&#8221; css=&#8221;.vc_custom_1751636042523{padding-bottom: 40px !important;}&#8221;][vc_column_inner width=&#8221;1\/4&#8243;][vc_single_image image=&#8221;5731&#8243; img_size=&#8221;300&#215;300&#8243;][\/vc_column_inner][vc_column_inner width=&#8221;3\/4&#8243;][vc_column_text]O <strong>Carro Hamper<\/strong> conta com um exclusivo sistema de identi\ufb01ca\u00e7\u00e3o por cores para integrar os planos e esfor\u00e7os na preven\u00e7\u00e3o das contamina\u00e7\u00f5es cruzadas entre os ambientes ligados \u00e0 sa\u00fade humana e animal em hospitais, cl\u00ednicas, laborat\u00f3rios e outros locais destes segmentos nos quais se realizem a\u00e7\u00f5es de limpeza.<br \/>\nOs carros s\u00e3o fornecidos com sistema de placas sinalizadoras em 5 cores diferentes para permitir aos gestores e colaboradores, identi\ufb01carem em quais ambientes dever\u00e3o ser usados e permitir a \ufb01scaliza\u00e7\u00e3o deste uso.<br \/>\nO sistema de \ufb01xa\u00e7\u00e3o promove \ufb01rme encaixe das placas sinalizadoras no corpo dos carros prevenindo as perdas, mas permite a troca das cores quando necess\u00e1rio.[\/vc_column_text][\/vc_column_inner][\/vc_row_inner][\/vc_column][\/vc_row]<\/p>\n","protected":false},"excerpt":{"rendered":"<p>[vc_row parallax=&#8221;content-moving-fade&#8221; parallax_image=&#8221;4916&#8243; stm_fullwidth=&#8221;yes&#8221; css=&#8221;.vc_custom_1751634923238{margin-top: 0px !important;margin-bottom: 0px !important;padding-top: 100px !important;padding-bottom: 100px !important;}&#8221;][vc_column][vc_custom_heading text=&#8221;Carros Funcionais \/ Carro Hamper&#8221; font_container=&#8221;tag:h1|font_size:50|text_align:center|color:%23ffffff&#8221; google_fonts=&#8221;font_family:Lato%3A100%2C100italic%2C300%2C300italic%2Cregular%2Citalic%2C700%2C700italic%2C900%2C900italic|font_style:300%20light%20regular%3A300%3Anormal&#8221;][\/vc_column][\/vc_row][vc_row css=&#8221;.vc_custom_1620072249967{margin-top: 20px !important;padding-bottom: 40px !important;}&#8221;][vc_column width=&#8221;1\/2&#8243;][vc_empty_space][layerslider_vc id=&#8221;120&#8243;][\/vc_column][vc_column width=&#8221;1\/2&#8243;][vc_empty_space height=&#8221;50px&#8221;][vc_custom_heading text=&#8221;Carros Hamper &#8211; Com e Sem Fechamentos&#8221; font_container=&#8221;tag:h2|font_size:37|text_align:center|line_height:1%2C3&#8243; google_fonts=&#8221;font_family:Lato%3A100%2C100italic%2C300%2C300italic%2Cregular%2Citalic%2C700%2C700italic%2C900%2C900italic|font_style:900%20bold%20regular%3A900%3Anormal&#8221;][vc_empty_space height=&#8221;20px&#8221;][vc_tta_tabs active_section=&#8221;1&#8243;][vc_tta_section i_icon_fontawesome=&#8221;fa fa-chevron-right&#8221; add_icon=&#8221;true&#8221; title=&#8221;DESCRIPCI\u00d3N&#8221; tab_id=&#8221;1458228299806-0b58c500-4352c2f9-01d853db-347627d0-69a1&#8243;][vc_column_text css=&#8221;.vc_custom_1751635066692{margin-top: 0px !important;padding-top: 0px !important;}&#8221;]APLICA\u00c7\u00d5ES Transporte de roupas, enxovais, toalhas,&#8230;<\/p>\n","protected":false},"author":9,"featured_media":0,"parent":0,"menu_order":0,"comment_status":"closed","ping_status":"closed","template":"","meta":[],"_links":{"self":[{"href":"https:\/\/www.bralimpia.com.br\/es\/wp-json\/wp\/v2\/pages\/5730"}],"collection":[{"href":"https:\/\/www.bralimpia.com.br\/es\/wp-json\/wp\/v2\/pages"}],"about":[{"href":"https:\/\/www.bralimpia.com.br\/es\/wp-json\/wp\/v2\/types\/page"}],"author":[{"embeddable":true,"href":"https:\/\/www.bralimpia.com.br\/es\/wp-json\/wp\/v2\/users\/9"}],"replies":[{"embeddable":true,"href":"https:\/\/www.bralimpia.com.br\/es\/wp-json\/wp\/v2\/comments?post=5730"}],"version-history":[{"count":7,"href":"https:\/\/www.bralimpia.com.br\/es\/wp-json\/wp\/v2\/pages\/5730\/revisions"}],"predecessor-version":[{"id":5742,"href":"https:\/\/www.bralimpia.com.br\/es\/wp-json\/wp\/v2\/pages\/5730\/revisions\/5742"}],"wp:attachment":[{"href":"https:\/\/www.bralimpia.com.br\/es\/wp-json\/wp\/v2\/media?parent=5730"}],"curies":[{"name":"wp","href":"https:\/\/api.w.org\/{rel}","templated":true}]}}