{"id":5221,"date":"2022-01-26T15:26:00","date_gmt":"2022-01-26T15:26:00","guid":{"rendered":"https:\/\/www.bralimpia.com.br\/es\/?page_id=5221"},"modified":"2022-01-26T16:50:25","modified_gmt":"2022-01-26T16:50:25","slug":"cepillo-para-limpieza-de-lechadas","status":"publish","type":"page","link":"https:\/\/www.bralimpia.com.br\/es\/cepillo-para-limpieza-de-lechadas\/","title":{"rendered":"LIMPIEZA DE LECHADAS"},"content":{"rendered":"<p>[vc_row parallax=&#8221;content-moving-fade&#8221; parallax_image=&#8221;3507&#8243; stm_fullwidth=&#8221;yes&#8221; css=&#8221;.vc_custom_1502248256470{margin-top: 0px !important;margin-bottom: 0px !important;padding-top: 100px !important;padding-bottom: 100px !important;}&#8221;][vc_column][vc_custom_heading text=&#8221;CEPILLOS MULTIUSO MAXI TECH&#8221; font_container=&#8221;tag:h1|font_size:50|text_align:center|color:%23ffffff&#8221; google_fonts=&#8221;font_family:Lato%3A100%2C100italic%2C300%2C300italic%2Cregular%2Citalic%2C700%2C700italic%2C900%2C900italic|font_style:300%20light%20regular%3A300%3Anormal&#8221;][\/vc_column][\/vc_row][vc_row css=&#8221;.vc_custom_1620072249967{margin-top: 20px !important;padding-bottom: 40px !important;}&#8221;][vc_column width=&#8221;1\/2&#8243;][vc_empty_space][layerslider_vc id=&#8221;61&#8243;][\/vc_column][vc_column width=&#8221;1\/2&#8243;][vc_empty_space height=&#8221;50px&#8221;][vc_custom_heading text=&#8221;CEPILLO PARA LIMPIEZA DE LECHADAS&#8221; font_container=&#8221;tag:h2|font_size:37|text_align:center|line_height:1%2C3&#8243; google_fonts=&#8221;font_family:Lato%3A100%2C100italic%2C300%2C300italic%2Cregular%2Citalic%2C700%2C700italic%2C900%2C900italic|font_style:300%20light%20regular%3A300%3Anormal&#8221;][vc_empty_space height=&#8221;20px&#8221;][vc_tta_tabs active_section=&#8221;1&#8243;][vc_tta_section i_icon_fontawesome=&#8221;fa fa-chevron-right&#8221; add_icon=&#8221;true&#8221; title=&#8221;DESCRIPCI\u00d3N&#8221; tab_id=&#8221;1458228299806-0b58c500-4352c2f9-01d853db-34760d48-77e0&#8243;][vc_column_text css=&#8221;.vc_custom_1643215164262{margin-top: 0px !important;padding-top: 0px !important;}&#8221;]Cepillos especiales con fibras en PBT \u2013 Poli\u00e9ster de Ingenier\u00eda que tienen mayor memoria mec\u00e1nica de sus fibras, las cuales se deforman durante el uso, pero vuelven a su forma original f\u00e1cilmente y por m\u00e1s tiempo.<\/p>\n<p>Temperatura de trabajo hasta 100\u00ba C.<br \/>\nResistencia probada para limpiadores alcalinos y \u00e1cido clorh\u00eddrico (despu\u00e9s de la construcci\u00f3n).<\/p>\n<p>Perfecto para limpiar lechada en pisos, paredes, encimeras y otras superficies con revestimientos aplicados.<\/p>\n<p>Capa gruesa de cerdas de PBT que aplican uniformemente las soluciones de limpieza y favorecen la correcta acci\u00f3n mec\u00e1nica para la eliminaci\u00f3n de la suciedad incrustada.[\/vc_column_text][\/vc_tta_section][vc_tta_section title=&#8221;ESPECIFICACIONES&#8221; tab_id=&#8221;1469117726976-61464585-b617c2f9-01d853db-34760d48-77e0&#8243;][vc_column_text]<\/p>\n<table style=\"height: 382px;\" width=\"497\">\n<tbody>\n<tr>\n<td width=\"124\"><strong>Color<\/strong><\/td>\n<td width=\"101\"><strong>C\u00f3digo<\/strong><\/td>\n<td width=\"64\"><\/td>\n<td width=\"64\"><\/td>\n<td width=\"64\"><\/td>\n<\/tr>\n<tr>\n<td>Amarillo<\/td>\n<td>MVER01AM<\/td>\n<td><\/td>\n<td><\/td>\n<td><\/td>\n<\/tr>\n<tr>\n<td>Azul<\/td>\n<td>MVER01AZ<\/td>\n<td><\/td>\n<td><\/td>\n<td><\/td>\n<\/tr>\n<tr>\n<td>Rojo<\/td>\n<td>MVER01VM<\/td>\n<td><\/td>\n<td><\/td>\n<td><\/td>\n<\/tr>\n<tr>\n<td>Verde<\/td>\n<td>MVER01VD<\/td>\n<td><\/td>\n<td><\/td>\n<td><\/td>\n<\/tr>\n<tr>\n<td><\/td>\n<td><\/td>\n<td><\/td>\n<td><\/td>\n<td><\/td>\n<\/tr>\n<tr>\n<td><strong>Empaques:<\/strong><\/td>\n<td><strong>4 unidades<\/strong><\/td>\n<td><\/td>\n<td><\/td>\n<td><\/td>\n<\/tr>\n<tr>\n<td><strong>Descripci\u00f3n<\/strong><\/td>\n<td><strong>Long.<\/strong><\/td>\n<td><strong>Anchura<\/strong><\/td>\n<td><strong>Altura<\/strong><\/td>\n<td><strong>Peso<\/strong><\/td>\n<\/tr>\n<tr>\n<td>Individual<\/td>\n<td>25 cm<\/td>\n<td>5 cm<\/td>\n<td>24 cm<\/td>\n<td>0,260 kg<\/td>\n<\/tr>\n<tr>\n<td>Embalado<\/td>\n<td>25 cm<\/td>\n<td>13 cm<\/td>\n<td>24 cm<\/td>\n<td>1,140 kg<\/td>\n<\/tr>\n<tr>\n<td><\/td>\n<td><\/td>\n<td><\/td>\n<td><\/td>\n<td><\/td>\n<\/tr>\n<\/tbody>\n<\/table>\n<p>[\/vc_column_text][\/vc_tta_section][vc_tta_section title=&#8221;DOWNLOAD&#8221; tab_id=&#8221;1458573806081-b062d59d-1a7bc2f9-01d853db-34760d48-77e0&#8243;][vc_single_image image=&#8221;2704&#8243; img_size=&#8221;full&#8221; alignment=&#8221;center&#8221; onclick=&#8221;custom_link&#8221; link=&#8221;https:\/\/mega.nz\/folder\/fBlGhYob#gC8L3y2Z4ldZVIqj4a5PwQ&#8221;][\/vc_tta_section][\/vc_tta_tabs][\/vc_column][\/vc_row]<\/p>\n","protected":false},"excerpt":{"rendered":"<p>[vc_row parallax=&#8221;content-moving-fade&#8221; parallax_image=&#8221;3507&#8243; stm_fullwidth=&#8221;yes&#8221; css=&#8221;.vc_custom_1502248256470{margin-top: 0px !important;margin-bottom: 0px !important;padding-top: 100px !important;padding-bottom: 100px !important;}&#8221;][vc_column][vc_custom_heading text=&#8221;CEPILLOS MULTIUSO MAXI TECH&#8221; font_container=&#8221;tag:h1|font_size:50|text_align:center|color:%23ffffff&#8221; google_fonts=&#8221;font_family:Lato%3A100%2C100italic%2C300%2C300italic%2Cregular%2Citalic%2C700%2C700italic%2C900%2C900italic|font_style:300%20light%20regular%3A300%3Anormal&#8221;][\/vc_column][\/vc_row][vc_row css=&#8221;.vc_custom_1620072249967{margin-top: 20px !important;padding-bottom: 40px !important;}&#8221;][vc_column width=&#8221;1\/2&#8243;][vc_empty_space][layerslider_vc id=&#8221;61&#8243;][\/vc_column][vc_column width=&#8221;1\/2&#8243;][vc_empty_space height=&#8221;50px&#8221;][vc_custom_heading text=&#8221;CEPILLO PARA LIMPIEZA DE LECHADAS&#8221; font_container=&#8221;tag:h2|font_size:37|text_align:center|line_height:1%2C3&#8243; google_fonts=&#8221;font_family:Lato%3A100%2C100italic%2C300%2C300italic%2Cregular%2Citalic%2C700%2C700italic%2C900%2C900italic|font_style:300%20light%20regular%3A300%3Anormal&#8221;][vc_empty_space height=&#8221;20px&#8221;][vc_tta_tabs active_section=&#8221;1&#8243;][vc_tta_section i_icon_fontawesome=&#8221;fa fa-chevron-right&#8221; add_icon=&#8221;true&#8221; title=&#8221;DESCRIPCI\u00d3N&#8221; tab_id=&#8221;1458228299806-0b58c500-4352c2f9-01d853db-34760d48-77e0&#8243;][vc_column_text css=&#8221;.vc_custom_1643215164262{margin-top: 0px !important;padding-top: 0px !important;}&#8221;]Cepillos especiales con fibras en PBT \u2013 Poli\u00e9ster de&#8230;<\/p>\n","protected":false},"author":9,"featured_media":0,"parent":0,"menu_order":0,"comment_status":"closed","ping_status":"closed","template":"","meta":[],"_links":{"self":[{"href":"https:\/\/www.bralimpia.com.br\/es\/wp-json\/wp\/v2\/pages\/5221"}],"collection":[{"href":"https:\/\/www.bralimpia.com.br\/es\/wp-json\/wp\/v2\/pages"}],"about":[{"href":"https:\/\/www.bralimpia.com.br\/es\/wp-json\/wp\/v2\/types\/page"}],"author":[{"embeddable":true,"href":"https:\/\/www.bralimpia.com.br\/es\/wp-json\/wp\/v2\/users\/9"}],"replies":[{"embeddable":true,"href":"https:\/\/www.bralimpia.com.br\/es\/wp-json\/wp\/v2\/comments?post=5221"}],"version-history":[{"count":3,"href":"https:\/\/www.bralimpia.com.br\/es\/wp-json\/wp\/v2\/pages\/5221\/revisions"}],"predecessor-version":[{"id":5231,"href":"https:\/\/www.bralimpia.com.br\/es\/wp-json\/wp\/v2\/pages\/5221\/revisions\/5231"}],"wp:attachment":[{"href":"https:\/\/www.bralimpia.com.br\/es\/wp-json\/wp\/v2\/media?parent=5221"}],"curies":[{"name":"wp","href":"https:\/\/api.w.org\/{rel}","templated":true}]}}