{"id":5189,"date":"2021-10-20T18:10:29","date_gmt":"2021-10-20T18:10:29","guid":{"rendered":"https:\/\/www.bralimpia.com.br\/es\/?page_id=5189"},"modified":"2021-10-20T19:36:01","modified_gmt":"2021-10-20T19:36:01","slug":"cubetas-aplicadoras-de-ceras","status":"publish","type":"page","link":"https:\/\/www.bralimpia.com.br\/es\/cubetas-aplicadoras-de-ceras\/","title":{"rendered":"CUBETAS APLICADORAS DE CERAS"},"content":{"rendered":"<p>[vc_row css=&#8221;.vc_custom_1458590592718{margin-top: 20px !important;padding-bottom: 20px !important;}&#8221;][vc_column width=&#8221;1\/2&#8243;][vc_empty_space][layerslider_vc id=&#8221;60&#8243;][\/vc_column][vc_column width=&#8221;1\/2&#8243;][vc_empty_space height=&#8221;50px&#8221;][vc_custom_heading text=&#8221;Cubeta Aplicadora de Ceras&#8221; font_container=&#8221;tag:h2|font_size:37|text_align:center|line_height:1%2C3&#8243; google_fonts=&#8221;font_family:Lato%3A100%2C100italic%2C300%2C300italic%2Cregular%2Citalic%2C700%2C700italic%2C900%2C900italic|font_style:300%20light%20regular%3A300%3Anormal&#8221;][vc_empty_space height=&#8221;20px&#8221;][vc_tta_tabs active_section=&#8221;1&#8243;][vc_tta_section i_icon_fontawesome=&#8221;fa fa-chevron-right&#8221; add_icon=&#8221;true&#8221; title=&#8221;DESCRIPCI\u00d3N&#8221; tab_id=&#8221;1458228299806-0b58c500-4352c2f9-01d840b9-97b22885-d92d&#8221;][vc_column_text css=&#8221;.vc_custom_1634756875434{margin-top: 0px !important;padding-top: 0px !important;}&#8221;]<span class=\"VIiyi\" lang=\"es\"><span class=\"JLqJ4b ChMk0b\" data-language-for-alternatives=\"es\" data-language-to-translate-into=\"pt\" data-phrase-index=\"0\" data-number-of-phrases=\"10\">Indicado para acondicionar, transportar y dosificar la cantidad de ceras y<\/span> <span class=\"JLqJ4b ChMk0b\" data-language-for-alternatives=\"es\" data-language-to-translate-into=\"pt\" data-phrase-index=\"2\" data-number-of-phrases=\"10\">acabados que se aplicar\u00e1n en los pisos.<\/span><\/span><\/p>\n<p><span class=\"VIiyi\" lang=\"es\"><span class=\"JLqJ4b ChMk0b\" data-language-for-alternatives=\"es\" data-language-to-translate-into=\"pt\" data-phrase-index=\"3\" data-number-of-phrases=\"10\">Resistente, f\u00e1cil de transportar<\/span> <span class=\"JLqJ4b ChMk0b\" data-language-for-alternatives=\"es\" data-language-to-translate-into=\"pt\" data-phrase-index=\"5\" data-number-of-phrases=\"10\">y desinfectar.<\/span> <span class=\"JLqJ4b ChMk0b\" data-language-for-alternatives=\"es\" data-language-to-translate-into=\"pt\" data-phrase-index=\"7\" data-number-of-phrases=\"10\">El escurridor de nailon con ajuste en el cuerpo del balde es m\u00e1s resistente y eficiente para eliminar el exceso de acabados del balde aplicador de cera en el relleno.<\/span><\/span><\/p>\n<p><span class=\"VIiyi\" lang=\"es\"><span class=\"JLqJ4b ChMk0b\" data-language-for-alternatives=\"es\" data-language-to-translate-into=\"pt\" data-phrase-index=\"9\" data-number-of-phrases=\"10\">Sistema de cierre de tapa mediante 8 cierres de alta precisi\u00f3n para optimizar la seguridad y preservar las ceras y acabados almacenados en su interior.<\/span><\/span>[\/vc_column_text][\/vc_tta_section][vc_tta_section title=&#8221;ESPECIFICACIONES&#8221; tab_id=&#8221;1469117726976-61464585-b617c2f9-01d840b9-97b22885-d92d&#8221;][vc_column_text]<\/p>\n<table style=\"height: 135px;\" width=\"591\">\n<tbody>\n<tr>\n<td width=\"123\"><strong>Dimensiones<\/strong><\/td>\n<td width=\"64\"><strong>Ancho<\/strong><\/td>\n<td width=\"64\"><strong>Largo<\/strong><\/td>\n<td width=\"64\"><strong>Alto<\/strong><\/td>\n<td width=\"64\"><strong>Enpaque<\/strong><\/td>\n<td width=\"64\"><strong>Peso<\/strong><\/td>\n<td width=\"64\"><strong>C\u00f3digo<\/strong><\/td>\n<\/tr>\n<tr>\n<td>Montado<\/td>\n<td>65,5 cm<\/td>\n<td>35 cm<\/td>\n<td>39 cm<\/td>\n<td><\/td>\n<td>3,850 kg<\/td>\n<td>BAC30AZ<\/td>\n<\/tr>\n<tr>\n<td>Embalado<\/td>\n<td>66 cm<\/td>\n<td>36 cm<\/td>\n<td>31 cm<\/td>\n<td>1 un<\/td>\n<td>4,380 kg<\/td>\n<td>&#8212;&#8212;&#8212;<\/td>\n<\/tr>\n<\/tbody>\n<\/table>\n<p>[\/vc_column_text][\/vc_tta_section][vc_tta_section title=&#8221;DOWNLOAD&#8221; tab_id=&#8221;1458573806081-b062d59d-1a7bc2f9-01d840b9-97b22885-d92d&#8221;][vc_single_image image=&#8221;2704&#8243; img_size=&#8221;full&#8221; alignment=&#8221;center&#8221; onclick=&#8221;custom_link&#8221; img_link_target=&#8221;_blank&#8221; link=&#8221;https:\/\/mega.nz\/folder\/HB9XnABB#STqUovk0bsDLtZTTCE8gBg&#8221;][\/vc_tta_section][\/vc_tta_tabs][\/vc_column][\/vc_row][vc_row full_width=&#8221;stretch_row&#8221; css=&#8221;.vc_custom_1616777957016{border-bottom-width: 40px !important;padding-top: 40px !important;background-color: rgba(30,115,190,0.32) !important;*background-color: rgb(30,115,190) !important;}&#8221;][vc_column][vc_row_inner css=&#8221;.vc_custom_1620057554236{padding-top: 40px !important;padding-bottom: 40px !important;}&#8221;][vc_column_inner width=&#8221;1\/3&#8243;][vc_single_image image=&#8221;5197&#8243; img_size=&#8221;300&#215;300&#8243; alignment=&#8221;center&#8221;][vc_column_text]<\/p>\n<h4 style=\"text-align: center;\">Tapa Herm\u00e9ticca<\/h4>\n<p>Tapa herm\u00e9tica y trasl\u00facida que conserva la cera por m\u00e1s tiempo y evita la entrada y deposici\u00f3n de suciedad que puede afectar la calidad de los acabados aplicados.[\/vc_column_text][\/vc_column_inner][vc_column_inner width=&#8221;1\/3&#8243;][vc_single_image image=&#8221;5196&#8243; img_size=&#8221;300&#215;300&#8243; alignment=&#8221;center&#8221;][vc_column_text css=&#8221;.vc_custom_1634756751179{padding-top: 0px !important;}&#8221;]<\/p>\n<h4 style=\"text-align: center;\">F\u00e1cil de usar<\/h4>\n<p><span class=\"VIiyi\" lang=\"es\"><span class=\"JLqJ4b ChMk0b\" data-language-for-alternatives=\"es\" data-language-to-translate-into=\"pt\" data-phrase-index=\"0\" data-number-of-phrases=\"1\">Las orejetas en la parte inferior del balde permiten que la suciedad se asiente en el fondo y no contamine los acabados que se est\u00e1n aplicando.<\/span><\/span>[\/vc_column_text][\/vc_column_inner][vc_column_inner width=&#8221;1\/3&#8243;][vc_single_image image=&#8221;5195&#8243; img_size=&#8221;300&#215;300&#8243; alignment=&#8221;center&#8221;][vc_column_text css=&#8221;.vc_custom_1634756829783{padding-top: 0px !important;}&#8221;]<\/p>\n<h4 style=\"text-align: center;\"><strong>Soporte para mangos<\/strong><\/h4>\n<p><span class=\"VIiyi\" lang=\"es\"><span class=\"JLqJ4b ChMk0b\" data-language-for-alternatives=\"es\" data-language-to-translate-into=\"pt\" data-phrase-index=\"0\" data-number-of-phrases=\"1\">Mango con 2 portamangos para facilitar el movimiento durante las aplicaciones.<\/span><\/span>[\/vc_column_text][\/vc_column_inner][\/vc_row_inner][vc_empty_space height=&#8221;40px&#8221;][\/vc_column][\/vc_row]<\/p>\n","protected":false},"excerpt":{"rendered":"<p>[vc_row css=&#8221;.vc_custom_1458590592718{margin-top: 20px !important;padding-bottom: 20px !important;}&#8221;][vc_column width=&#8221;1\/2&#8243;][vc_empty_space][layerslider_vc id=&#8221;60&#8243;][\/vc_column][vc_column width=&#8221;1\/2&#8243;][vc_empty_space height=&#8221;50px&#8221;][vc_custom_heading text=&#8221;Cubeta Aplicadora de Ceras&#8221; font_container=&#8221;tag:h2|font_size:37|text_align:center|line_height:1%2C3&#8243; google_fonts=&#8221;font_family:Lato%3A100%2C100italic%2C300%2C300italic%2Cregular%2Citalic%2C700%2C700italic%2C900%2C900italic|font_style:300%20light%20regular%3A300%3Anormal&#8221;][vc_empty_space height=&#8221;20px&#8221;][vc_tta_tabs active_section=&#8221;1&#8243;][vc_tta_section i_icon_fontawesome=&#8221;fa fa-chevron-right&#8221; add_icon=&#8221;true&#8221; title=&#8221;DESCRIPCI\u00d3N&#8221; tab_id=&#8221;1458228299806-0b58c500-4352c2f9-01d840b9-97b22885-d92d&#8221;][vc_column_text css=&#8221;.vc_custom_1634756875434{margin-top: 0px !important;padding-top: 0px !important;}&#8221;]Indicado para acondicionar, transportar y dosificar la cantidad de ceras y acabados que se aplicar\u00e1n en los pisos. Resistente, f\u00e1cil de transportar y desinfectar. El escurridor de nailon&#8230;<\/p>\n","protected":false},"author":6,"featured_media":0,"parent":0,"menu_order":0,"comment_status":"closed","ping_status":"closed","template":"","meta":[],"_links":{"self":[{"href":"https:\/\/www.bralimpia.com.br\/es\/wp-json\/wp\/v2\/pages\/5189"}],"collection":[{"href":"https:\/\/www.bralimpia.com.br\/es\/wp-json\/wp\/v2\/pages"}],"about":[{"href":"https:\/\/www.bralimpia.com.br\/es\/wp-json\/wp\/v2\/types\/page"}],"author":[{"embeddable":true,"href":"https:\/\/www.bralimpia.com.br\/es\/wp-json\/wp\/v2\/users\/6"}],"replies":[{"embeddable":true,"href":"https:\/\/www.bralimpia.com.br\/es\/wp-json\/wp\/v2\/comments?post=5189"}],"version-history":[{"count":5,"href":"https:\/\/www.bralimpia.com.br\/es\/wp-json\/wp\/v2\/pages\/5189\/revisions"}],"predecessor-version":[{"id":5204,"href":"https:\/\/www.bralimpia.com.br\/es\/wp-json\/wp\/v2\/pages\/5189\/revisions\/5204"}],"wp:attachment":[{"href":"https:\/\/www.bralimpia.com.br\/es\/wp-json\/wp\/v2\/media?parent=5189"}],"curies":[{"name":"wp","href":"https:\/\/api.w.org\/{rel}","templated":true}]}}