{"id":5058,"date":"2021-06-28T19:18:38","date_gmt":"2021-06-28T19:18:38","guid":{"rendered":"https:\/\/www.bralimpia.com.br\/es\/?page_id=5058"},"modified":"2021-06-28T21:25:31","modified_gmt":"2021-06-28T21:25:31","slug":"soporte-cepillos-limpia-todo-maxi-tech","status":"publish","type":"page","link":"https:\/\/www.bralimpia.com.br\/es\/soporte-cepillos-limpia-todo-maxi-tech\/","title":{"rendered":"SOPORTE CEPILLOS LIMPIA TODO &#8211; MAXI TECH"},"content":{"rendered":"<p>[vc_row parallax=&#8221;content-moving-fade&#8221; parallax_image=&#8221;3507&#8243; stm_fullwidth=&#8221;yes&#8221; css=&#8221;.vc_custom_1502248256470{margin-top: 0px !important;margin-bottom: 0px !important;padding-top: 100px !important;padding-bottom: 100px !important;}&#8221;][vc_column][vc_custom_heading text=&#8221;MULTIUSO MAXI TECH<br \/>\n&#8221; font_container=&#8221;tag:h1|font_size:50|text_align:center|color:%23ffffff&#8221; google_fonts=&#8221;font_family:Lato%3A100%2C100italic%2C300%2C300italic%2Cregular%2Citalic%2C700%2C700italic%2C900%2C900italic|font_style:300%20light%20regular%3A300%3Anormal&#8221;][\/vc_column][\/vc_row][vc_row css=&#8221;.vc_custom_1458590592718{margin-top: 20px !important;padding-bottom: 20px !important;}&#8221;][vc_column width=&#8221;1\/2&#8243;][vc_empty_space][layerslider_vc id=&#8221;58&#8243;][\/vc_column][vc_column width=&#8221;1\/2&#8243;][vc_empty_space height=&#8221;50px&#8221;][vc_custom_heading text=&#8221;SOPORTE CEPILLOS LIMPIA TODO &#8211; MAXI TECH&#8221; font_container=&#8221;tag:h2|font_size:37|text_align:center|line_height:1%2C3&#8243; google_fonts=&#8221;font_family:Lato%3A100%2C100italic%2C300%2C300italic%2Cregular%2Citalic%2C700%2C700italic%2C900%2C900italic|font_style:300%20light%20regular%3A300%3Anormal&#8221;][vc_empty_space height=&#8221;20px&#8221;][vc_tta_tabs active_section=&#8221;1&#8243;][vc_tta_section i_icon_fontawesome=&#8221;fa fa-chevron-right&#8221; add_icon=&#8221;true&#8221; title=&#8221;DESCRIPCI\u00d3N&#8221; tab_id=&#8221;1458228299806-0b58c500-4352c2f9-01d8e924-019fa58a-f2b8&#8243;][vc_column_text css=&#8221;.vc_custom_1624915480409{margin-top: 0px !important;padding-top: 0px !important;}&#8221;]El soporte de cepillo Limpia Todo est\u00e1 dise\u00f1ado para la limpieza en seco y h\u00famedo de pisos, paredes, techos y cualquier superficie donde se requiera acci\u00f3n mec\u00e1nica. Para utilizar con mangos de aluminio, ya que alcanzan con facilidad mayores alturas y lugares de dif\u00edcil acceso.<\/p>\n<p>Cepillos especiales con fibras en PBT &#8211; Poli\u00e9ster de Ingenier\u00eda que tienen mayor memoria mec\u00e1nica de sus fibras, que se deforman con el uso pero vuelven a su formato original f\u00e1cilmente y por m\u00e1s tiempo.<\/p>\n<p><strong>Beneficios:<\/strong><br \/>\nGran rigidez y resistencia al impacto.<br \/>\nAlta estabilidad dimensional<br \/>\nExcelente resistencia a la abrasi\u00f3n.<br \/>\nBaja absorci\u00f3n de humedad<\/p>\n<p><strong>Composici\u00f3n:<\/strong><br \/>\nEstructura &#8211; 100% polipropileno<br \/>\nCerdas: 100% poli\u00e9ster de ingenier\u00eda PBT (tereftalato de polibutileno)<br \/>\n(Fijaci\u00f3n mediante clips de acero inoxidable)<br \/>\nCERDAS &#8211; 4 COLORES &#8211; EN PBT: h = 40 mm \/ Espesor = 0,6 mm<\/p>\n<p><strong>Caracter\u00edsticas:<\/strong><br \/>\nDisponible en 4 colores para crear planes de procedimientos e identificar \u00e1reas en las que se pueden usar para ayudar a prevenir la contaminaci\u00f3n cruzada entre ambientes.<br \/>\nLa junta articulada permite la limpieza en lugares de dif\u00edcil acceso como debajo de muebles, paredes y superficies a mayor altura, cubos y carrocer\u00edas de camiones y veh\u00edculos.[\/vc_column_text][\/vc_tta_section][vc_tta_section title=&#8221;ESPECIFICACIONES&#8221; tab_id=&#8221;1469117726976-61464585-b617c2f9-01d8e924-019fa58a-f2b8&#8243;][vc_column_text]<\/p>\n<table border=\"0\" width=\"548\" cellspacing=\"0\" cellpadding=\"0\">\n<tbody>\n<tr>\n<td height=\"20\"><span style=\"color: #ffffff;\">.<\/span><\/td>\n<\/tr>\n<tr>\n<td style=\"text-align: left;\" height=\"20\">Descripci\u00f3n<\/td>\n<td style=\"text-align: center;\">Ancho<\/td>\n<td style=\"text-align: center;\">Largo<\/td>\n<td style=\"text-align: center;\">Embalaje<\/td>\n<td style=\"text-align: center;\">Peso<\/td>\n<\/tr>\n<tr>\n<td style=\"text-align: left;\" height=\"20\"><\/td>\n<td style=\"text-align: center;\">\u00a0 25 cm<\/td>\n<td style=\"text-align: center;\">\u00a0 18 cm<\/td>\n<td style=\"text-align: center;\">\u00a0 3 un<\/td>\n<td style=\"text-align: center;\">0,749 kg<\/td>\n<\/tr>\n<\/tbody>\n<\/table>\n<table border=\"0\" width=\"548\" cellspacing=\"0\" cellpadding=\"0\">\n<tbody>\n<tr>\n<td width=\"103\" height=\"20\">COLOR DEL KIT<\/td>\n<td width=\"89\">C\u00d3DIGO<\/td>\n<\/tr>\n<tr>\n<td height=\"20\">Amarillo<\/td>\n<td>MVSE61AM<\/td>\n<\/tr>\n<tr>\n<td height=\"20\">Azul<\/td>\n<td>MVSE61AZ<\/td>\n<\/tr>\n<tr>\n<td height=\"20\">Verde<\/td>\n<td>MVSE61VD<\/td>\n<\/tr>\n<tr>\n<td height=\"20\">Rojo<\/td>\n<td>MVSE61VM<\/td>\n<\/tr>\n<\/tbody>\n<\/table>\n<p>[\/vc_column_text][\/vc_tta_section][vc_tta_section title=&#8221;DOWNLOAD&#8221; tab_id=&#8221;1458573806081-b062d59d-1a7bc2f9-01d8e924-019fa58a-f2b8&#8243;][vc_single_image image=&#8221;2704&#8243; img_size=&#8221;full&#8221; alignment=&#8221;center&#8221; onclick=&#8221;custom_link&#8221; link=&#8221;https:\/\/mega.nz\/folder\/fBlGhYob#gC8L3y2Z4ldZVIqj4a5PwQ&#8221;][\/vc_tta_section][\/vc_tta_tabs][\/vc_column][\/vc_row][vc_row full_width=&#8221;stretch_row&#8221; css=&#8221;.vc_custom_1616777957016{border-bottom-width: 40px !important;padding-top: 40px !important;background-color: rgba(30,115,190,0.32) !important;*background-color: rgb(30,115,190) !important;}&#8221;][vc_column][vc_row_inner content_placement=&#8221;middle&#8221; css=&#8221;.vc_custom_1624906307792{padding-top: 40px !important;padding-bottom: 40px !important;}&#8221;][vc_column_inner width=&#8221;1\/4&#8243;][vc_single_image image=&#8221;5059&#8243; img_size=&#8221;300&#215;400&#8243;][\/vc_column_inner][vc_column_inner width=&#8221;1\/4&#8243;][vc_column_text]<strong>FIBRAS RESISTENTES A LA DEFORMACI\u00d3N<\/strong><br \/>\nLas fibras de PBT son m\u00e1s resistentes a la deformaci\u00f3n y vuelven f\u00e1cilmente a su formato original, manteniendo la eficiencia de limpieza y proporcionando un mayor ahorro.<br \/>\n[\/vc_column_text][\/vc_column_inner][vc_column_inner width=&#8221;1\/4&#8243;][vc_single_image image=&#8221;5060&#8243; img_size=&#8221;300&#215;400&#8243;][\/vc_column_inner][vc_column_inner width=&#8221;1\/4&#8243;][vc_column_text]<strong>SISTEMA DE COLORES<\/strong><br \/>\nLos cepillos se suministran en 4 colores para identificar entornos o tareas en las que deben utilizarse.<br \/>\nEsta divisi\u00f3n de colores tambi\u00e9n ayuda en los esfuerzos de los programas HACCP (An\u00e1lisis de peligros y puntos cr\u00edticos de control).[\/vc_column_text][\/vc_column_inner][\/vc_row_inner][vc_empty_space height=&#8221;40px&#8221;][\/vc_column][\/vc_row]<\/p>\n","protected":false},"excerpt":{"rendered":"<p>[vc_row parallax=&#8221;content-moving-fade&#8221; parallax_image=&#8221;3507&#8243; stm_fullwidth=&#8221;yes&#8221; css=&#8221;.vc_custom_1502248256470{margin-top: 0px !important;margin-bottom: 0px !important;padding-top: 100px !important;padding-bottom: 100px !important;}&#8221;][vc_column][vc_custom_heading text=&#8221;MULTIUSO MAXI TECH &#8221; font_container=&#8221;tag:h1|font_size:50|text_align:center|color:%23ffffff&#8221; google_fonts=&#8221;font_family:Lato%3A100%2C100italic%2C300%2C300italic%2Cregular%2Citalic%2C700%2C700italic%2C900%2C900italic|font_style:300%20light%20regular%3A300%3Anormal&#8221;][\/vc_column][\/vc_row][vc_row css=&#8221;.vc_custom_1458590592718{margin-top: 20px !important;padding-bottom: 20px !important;}&#8221;][vc_column width=&#8221;1\/2&#8243;][vc_empty_space][layerslider_vc id=&#8221;58&#8243;][\/vc_column][vc_column width=&#8221;1\/2&#8243;][vc_empty_space height=&#8221;50px&#8221;][vc_custom_heading text=&#8221;SOPORTE CEPILLOS LIMPIA TODO &#8211; MAXI TECH&#8221; font_container=&#8221;tag:h2|font_size:37|text_align:center|line_height:1%2C3&#8243; google_fonts=&#8221;font_family:Lato%3A100%2C100italic%2C300%2C300italic%2Cregular%2Citalic%2C700%2C700italic%2C900%2C900italic|font_style:300%20light%20regular%3A300%3Anormal&#8221;][vc_empty_space height=&#8221;20px&#8221;][vc_tta_tabs active_section=&#8221;1&#8243;][vc_tta_section i_icon_fontawesome=&#8221;fa fa-chevron-right&#8221; add_icon=&#8221;true&#8221; title=&#8221;DESCRIPCI\u00d3N&#8221; tab_id=&#8221;1458228299806-0b58c500-4352c2f9-01d8e924-019fa58a-f2b8&#8243;][vc_column_text css=&#8221;.vc_custom_1624915480409{margin-top: 0px !important;padding-top: 0px !important;}&#8221;]El soporte de cepillo Limpia Todo est\u00e1&#8230;<\/p>\n","protected":false},"author":6,"featured_media":0,"parent":0,"menu_order":0,"comment_status":"closed","ping_status":"closed","template":"","meta":[],"_links":{"self":[{"href":"https:\/\/www.bralimpia.com.br\/es\/wp-json\/wp\/v2\/pages\/5058"}],"collection":[{"href":"https:\/\/www.bralimpia.com.br\/es\/wp-json\/wp\/v2\/pages"}],"about":[{"href":"https:\/\/www.bralimpia.com.br\/es\/wp-json\/wp\/v2\/types\/page"}],"author":[{"embeddable":true,"href":"https:\/\/www.bralimpia.com.br\/es\/wp-json\/wp\/v2\/users\/6"}],"replies":[{"embeddable":true,"href":"https:\/\/www.bralimpia.com.br\/es\/wp-json\/wp\/v2\/comments?post=5058"}],"version-history":[{"count":3,"href":"https:\/\/www.bralimpia.com.br\/es\/wp-json\/wp\/v2\/pages\/5058\/revisions"}],"predecessor-version":[{"id":5082,"href":"https:\/\/www.bralimpia.com.br\/es\/wp-json\/wp\/v2\/pages\/5058\/revisions\/5082"}],"wp:attachment":[{"href":"https:\/\/www.bralimpia.com.br\/es\/wp-json\/wp\/v2\/media?parent=5058"}],"curies":[{"name":"wp","href":"https:\/\/api.w.org\/{rel}","templated":true}]}}