{"id":4946,"date":"2021-05-03T18:31:23","date_gmt":"2021-05-03T18:31:23","guid":{"rendered":"https:\/\/www.bralimpia.com.br\/es\/?page_id=4946"},"modified":"2021-05-03T19:03:17","modified_gmt":"2021-05-03T19:03:17","slug":"balde-doblo-30-flex","status":"publish","type":"page","link":"https:\/\/www.bralimpia.com.br\/es\/balde-doblo-30-flex\/","title":{"rendered":"BALDE DOBL\u00d4 30 FLEX"},"content":{"rendered":"<p>[vc_row parallax=&#8221;content-moving-fade&#8221; parallax_image=&#8221;3507&#8243; stm_fullwidth=&#8221;yes&#8221; css=&#8221;.vc_custom_1502248256470{margin-top: 0px !important;margin-bottom: 0px !important;padding-top: 100px !important;padding-bottom: 100px !important;}&#8221;][vc_column][vc_custom_heading text=&#8221;Limpieza H\u00fameda \/ <strong>CUBETA DOBL\u00d4 30 FLEX<\/strong>&#8221; font_container=&#8221;tag:h1|font_size:50|text_align:center|color:%23ffffff&#8221; google_fonts=&#8221;font_family:Lato%3A100%2C100italic%2C300%2C300italic%2Cregular%2Citalic%2C700%2C700italic%2C900%2C900italic|font_style:300%20light%20regular%3A300%3Anormal&#8221;][\/vc_column][\/vc_row][vc_row css=&#8221;.vc_custom_1458590592718{margin-top: 20px !important;padding-bottom: 20px !important;}&#8221;][vc_column width=&#8221;1\/2&#8243;][vc_empty_space][layerslider_vc id=&#8221;53&#8243;][\/vc_column][vc_column width=&#8221;1\/2&#8243;][vc_empty_space height=&#8221;50px&#8221;][vc_custom_heading text=&#8221;CUBETA DOBL\u00d4 30 FLEX&#8221; font_container=&#8221;tag:h2|font_size:37|text_align:center|line_height:1%2C3&#8243; google_fonts=&#8221;font_family:Lato%3A100%2C100italic%2C300%2C300italic%2Cregular%2Citalic%2C700%2C700italic%2C900%2C900italic|font_style:300%20light%20regular%3A300%3Anormal&#8221;][vc_empty_space height=&#8221;20px&#8221;][vc_tta_tabs active_section=&#8221;1&#8243;][vc_tta_section i_icon_fontawesome=&#8221;fa fa-chevron-right&#8221; add_icon=&#8221;true&#8221; title=&#8221;DESCRIPCI\u00d3N&#8221; tab_id=&#8221;1458228299806-0b58c500-4352c2f9-01d82474-10c7&#8243;][vc_column_text css=&#8221;.vc_custom_1620064884016{margin-top: 0px !important;padding-top: 0px !important;}&#8221;]El nuevo Balde Doblo 30 Flex aporta una serie de diferenciales y ventajas que lo convierten en parte fundamental en la limpieza de pisos en empresas, industrias, cocinas industriales, hoteles y servicios de alojamiento, condominios, hospitales y laboratorios etc.<\/p>\n<p>La limpieza h\u00fameda de pisos proporciona ambientes m\u00e1s seguros durante la pandemia del COVID-19 y en tiempos normales.<\/p>\n<p>El sistema de 2 aguas \u2013 un recipiente con la soluci\u00f3n de limpieza o desinfecci\u00f3n; y otro con agua limpia para lavar el repuesto cuando muy cargado de suciedad \u2013 aumenta la eficiencia de la limpieza, adem\u00e1s del uso racional de qu\u00edmicos, y el uso racional de qu\u00edmicos significa econom\u00eda, menor impacto ambiental y eficiencia.<\/p>\n<p>El exprimidor permite el uso de repuestos convencionales con hilos y tambi\u00e9n de mopas planas.<br \/>\nLos operadores exprimen perfectamente los repuestos planos sin esfuerzo.<\/p>\n<p>El uso del Balde Doblo 30 Flex optimiza la ergonom\u00eda durante la limpieza y previene los TME \u2013 trastornos musculoesquel\u00e9ticos relacionados con el trabajo \u2013, que, en Brasil, son la segunda causa de ausencia en trabajo.<\/p>\n<p>El balde es producido en 4 colores, que permiten identificar las \u00e1reas y ambientes en los que ser\u00e1 utilizado, ayudando a prevenir la contaminaci\u00f3n cruzada. Adem\u00e1s, los bordes redondeados permiten una perfecta higiene del balde, reduciendo la contaminaci\u00f3n y la apariencia de suciedad.<\/p>\n<p>El mango del exprimidor puede ser movido y utilizado tanto por diestros como por zurdos.<br \/>\n[\/vc_column_text][\/vc_tta_section][vc_tta_section title=&#8221;ESPECIFICACIONES&#8221; tab_id=&#8221;1469117726976-61464585-b617c2f9-01d82474-10c7&#8243;][vc_column_text]<\/p>\n<table style=\"height: 323px;\" border=\"0\" width=\"512\" cellspacing=\"0\" cellpadding=\"0\">\n<tbody>\n<tr>\n<td style=\"text-align: center;\" height=\"20\">Descri\u00e7\u00e3o<\/td>\n<td style=\"text-align: center;\">Largo<\/td>\n<td style=\"text-align: center;\">Ancho<\/td>\n<td style=\"text-align: center;\">Alto<\/td>\n<td style=\"text-align: center;\"><\/td>\n<td style=\"text-align: center;\">\u00a0 Peso<\/td>\n<\/tr>\n<tr>\n<td height=\"20\">Conjunto<\/td>\n<td style=\"text-align: center;\">\u00a056 cm<\/td>\n<td style=\"text-align: center;\">36 cm<\/td>\n<td style=\"text-align: center;\">\u00a070 cm<\/td>\n<td style=\"text-align: center;\"><\/td>\n<td style=\"text-align: center;\">3,956 Kg<\/td>\n<\/tr>\n<tr>\n<td height=\"20\">&nbsp;<\/p>\n<p>Cores<\/td>\n<td>&nbsp;<\/p>\n<p style=\"text-align: center;\">Balde<\/p>\n<\/td>\n<td>&nbsp;<\/p>\n<p style=\"text-align: center;\">\n<\/td>\n<td>&nbsp;<\/p>\n<p>&nbsp;<\/td>\n<td><\/td>\n<\/tr>\n<tr>\n<td style=\"text-align: left;\" width=\"65\">Amarillo<\/td>\n<td style=\"text-align: center;\" width=\"55\">B30FAM<\/td>\n<td style=\"text-align: center;\" width=\"55\"><\/td>\n<td style=\"text-align: center;\" width=\"55\"><\/td>\n<td style=\"text-align: center;\" width=\"10\"><\/td>\n<\/tr>\n<tr>\n<td width=\"65\">Azul<\/td>\n<td style=\"text-align: center;\" width=\"55\">B30FAZ<\/td>\n<td style=\"text-align: center;\" width=\"55\"><\/td>\n<td style=\"text-align: center;\" width=\"55\"><\/td>\n<td width=\"10\"><\/td>\n<\/tr>\n<tr>\n<td width=\"65\">Verde<\/td>\n<td style=\"text-align: center;\" width=\"55\">B30FVD<\/td>\n<td style=\"text-align: center;\" width=\"55\"><\/td>\n<td style=\"text-align: center;\" width=\"55\"><\/td>\n<td width=\"10\"><\/td>\n<\/tr>\n<tr>\n<td style=\"text-align: left;\" width=\"65\">Rojo<\/td>\n<td style=\"text-align: center;\" width=\"55\">\u00a0B30FVM<\/td>\n<td style=\"text-align: center;\" width=\"55\"><\/td>\n<td style=\"text-align: center;\" width=\"55\"><\/td>\n<td width=\"10\"><\/td>\n<\/tr>\n<\/tbody>\n<\/table>\n<p>[\/vc_column_text][\/vc_tta_section][vc_tta_section title=&#8221;DOWNLOAD&#8221; tab_id=&#8221;1458573806081-b062d59d-1a7bc2f9-01d82474-10c7&#8243;][vc_single_image image=&#8221;2704&#8243; img_size=&#8221;full&#8221; alignment=&#8221;center&#8221; onclick=&#8221;custom_link&#8221; link=&#8221;http:\/\/www.bralimpia.com.br\/es\/download\/KitDoblo20Flex.zip&#8221;][\/vc_tta_section][\/vc_tta_tabs][\/vc_column][\/vc_row][vc_row full_width=&#8221;stretch_row&#8221; css=&#8221;.vc_custom_1616777957016{border-bottom-width: 40px !important;padding-top: 40px !important;background-color: rgba(30,115,190,0.32) !important;*background-color: rgb(30,115,190) !important;}&#8221;][vc_column][vc_row_inner css=&#8221;.vc_custom_1616778446434{padding-top: 40px !important;padding-bottom: 40px !important;}&#8221;][vc_column_inner width=&#8221;1\/3&#8243;][vc_single_image image=&#8221;4830&#8243; img_size=&#8221;300&#215;300&#8243; alignment=&#8221;center&#8221;][vc_column_text]<\/p>\n<h3 style=\"text-align: center;\">Sistema de Dreno<\/h3>\n<p style=\"text-align: center;\">Sistema de dreno de agua sucia directamente en sumideros.<\/p>\n<p>[\/vc_column_text][\/vc_column_inner][vc_column_inner width=&#8221;1\/3&#8243;][vc_single_image image=&#8221;4831&#8243; img_size=&#8221;300&#215;400&#8243;][vc_column_text]<\/p>\n<h3 style=\"text-align: center;\">Sistema de 2 aguas<\/h3>\n<p style=\"text-align: center;\">Un recipiente con la soluci\u00f3n de limpieza o desinfecci\u00f3n; y otro con agua limpia para lavar el repuesto cuando muy cargado de suciedad \u2013 aumenta la eficiencia de la limpieza.<\/p>\n<p>[\/vc_column_text][\/vc_column_inner][vc_column_inner width=&#8221;1\/3&#8243;][vc_single_image image=&#8221;4832&#8243; img_size=&#8221;300&#215;400&#8243;][vc_column_text]<\/p>\n<h3 style=\"text-align: center;\">Flexibilidad<\/h3>\n<p style=\"text-align: center;\">Puede usarse con sistemas de mopas convencionales y planas.<\/p>\n<p>[\/vc_column_text][\/vc_column_inner][\/vc_row_inner][vc_empty_space height=&#8221;40px&#8221;][\/vc_column][\/vc_row]<\/p>\n","protected":false},"excerpt":{"rendered":"<p>[vc_row parallax=&#8221;content-moving-fade&#8221; parallax_image=&#8221;3507&#8243; stm_fullwidth=&#8221;yes&#8221; css=&#8221;.vc_custom_1502248256470{margin-top: 0px !important;margin-bottom: 0px !important;padding-top: 100px !important;padding-bottom: 100px !important;}&#8221;][vc_column][vc_custom_heading text=&#8221;Limpieza H\u00fameda \/ CUBETA DOBL\u00d4 30 FLEX&#8221; font_container=&#8221;tag:h1|font_size:50|text_align:center|color:%23ffffff&#8221; google_fonts=&#8221;font_family:Lato%3A100%2C100italic%2C300%2C300italic%2Cregular%2Citalic%2C700%2C700italic%2C900%2C900italic|font_style:300%20light%20regular%3A300%3Anormal&#8221;][\/vc_column][\/vc_row][vc_row css=&#8221;.vc_custom_1458590592718{margin-top: 20px !important;padding-bottom: 20px !important;}&#8221;][vc_column width=&#8221;1\/2&#8243;][vc_empty_space][layerslider_vc id=&#8221;53&#8243;][\/vc_column][vc_column width=&#8221;1\/2&#8243;][vc_empty_space height=&#8221;50px&#8221;][vc_custom_heading text=&#8221;CUBETA DOBL\u00d4 30 FLEX&#8221; font_container=&#8221;tag:h2|font_size:37|text_align:center|line_height:1%2C3&#8243; google_fonts=&#8221;font_family:Lato%3A100%2C100italic%2C300%2C300italic%2Cregular%2Citalic%2C700%2C700italic%2C900%2C900italic|font_style:300%20light%20regular%3A300%3Anormal&#8221;][vc_empty_space height=&#8221;20px&#8221;][vc_tta_tabs active_section=&#8221;1&#8243;][vc_tta_section i_icon_fontawesome=&#8221;fa fa-chevron-right&#8221; add_icon=&#8221;true&#8221; title=&#8221;DESCRIPCI\u00d3N&#8221; tab_id=&#8221;1458228299806-0b58c500-4352c2f9-01d82474-10c7&#8243;][vc_column_text css=&#8221;.vc_custom_1620064884016{margin-top: 0px !important;padding-top: 0px !important;}&#8221;]El nuevo Balde Doblo 30 Flex aporta&#8230;<\/p>\n","protected":false},"author":6,"featured_media":0,"parent":0,"menu_order":0,"comment_status":"closed","ping_status":"closed","template":"","meta":[],"_links":{"self":[{"href":"https:\/\/www.bralimpia.com.br\/es\/wp-json\/wp\/v2\/pages\/4946"}],"collection":[{"href":"https:\/\/www.bralimpia.com.br\/es\/wp-json\/wp\/v2\/pages"}],"about":[{"href":"https:\/\/www.bralimpia.com.br\/es\/wp-json\/wp\/v2\/types\/page"}],"author":[{"embeddable":true,"href":"https:\/\/www.bralimpia.com.br\/es\/wp-json\/wp\/v2\/users\/6"}],"replies":[{"embeddable":true,"href":"https:\/\/www.bralimpia.com.br\/es\/wp-json\/wp\/v2\/comments?post=4946"}],"version-history":[{"count":5,"href":"https:\/\/www.bralimpia.com.br\/es\/wp-json\/wp\/v2\/pages\/4946\/revisions"}],"predecessor-version":[{"id":4955,"href":"https:\/\/www.bralimpia.com.br\/es\/wp-json\/wp\/v2\/pages\/4946\/revisions\/4955"}],"wp:attachment":[{"href":"https:\/\/www.bralimpia.com.br\/es\/wp-json\/wp\/v2\/media?parent=4946"}],"curies":[{"name":"wp","href":"https:\/\/api.w.org\/{rel}","templated":true}]}}