{"id":4923,"date":"2021-05-03T14:58:15","date_gmt":"2021-05-03T14:58:15","guid":{"rendered":"https:\/\/www.bralimpia.com.br\/es\/?page_id=4923"},"modified":"2021-05-07T15:29:28","modified_gmt":"2021-05-07T15:29:28","slug":"cestos-funcionais","status":"publish","type":"page","link":"https:\/\/www.bralimpia.com.br\/es\/cestos-funcionais\/","title":{"rendered":"CESTAS DE LIMPIEZA"},"content":{"rendered":"<p>[vc_row parallax=&#8221;content-moving-fade&#8221; parallax_image=&#8221;3507&#8243; stm_fullwidth=&#8221;yes&#8221; css=&#8221;.vc_custom_1502248256470{margin-top: 0px !important;margin-bottom: 0px !important;padding-top: 100px !important;padding-bottom: 100px !important;}&#8221;][vc_column][vc_custom_heading text=&#8221;CESTAS PARA LIMPIEZA&#8221; font_container=&#8221;tag:h1|font_size:50|text_align:center|color:%23ffffff&#8221; google_fonts=&#8221;font_family:Lato%3A100%2C100italic%2C300%2C300italic%2Cregular%2Citalic%2C700%2C700italic%2C900%2C900italic|font_style:300%20light%20regular%3A300%3Anormal&#8221;][\/vc_column][\/vc_row][vc_row css=&#8221;.vc_custom_1458590592718{margin-top: 20px !important;padding-bottom: 20px !important;}&#8221;][vc_column width=&#8221;1\/2&#8243;][vc_empty_space][layerslider_vc id=&#8221;52&#8243;][\/vc_column][vc_column width=&#8221;1\/2&#8243;][vc_empty_space height=&#8221;50px&#8221;][vc_custom_heading text=&#8221;CESTAS PARA LIMPIEZA&#8221; font_container=&#8221;tag:h2|font_size:37|text_align:center|line_height:1%2C3&#8243; google_fonts=&#8221;font_family:Lato%3A100%2C100italic%2C300%2C300italic%2Cregular%2Citalic%2C700%2C700italic%2C900%2C900italic|font_style:300%20light%20regular%3A300%3Anormal&#8221;][vc_empty_space height=&#8221;20px&#8221;][vc_tta_tabs active_section=&#8221;1&#8243;][vc_tta_section i_icon_fontawesome=&#8221;fa fa-chevron-right&#8221; add_icon=&#8221;true&#8221; title=&#8221;DESCRIPCI\u00d3N&#8221; tab_id=&#8221;1458228299806-0b58c500-4352c2f9-01d840b9-97b2&#8243;][vc_column_text css=&#8221;.vc_custom_1620051587707{margin-top: 0px !important;padding-top: 0px !important;}&#8221;]Cesta funcional para transportar y almacenar equipos, accesorios y otros insumos para tareas de limpieza y desinfecci\u00f3n.<\/p>\n<p>Mango anat\u00f3mico, favorece la ergonom\u00eda y evita da\u00f1os en las manos de los operarios y superficies en los entornos donde se utilizan. Su forma se adapta perfectamente a la bandeja del coche America y otros, facilitando su uso y aumentando la productividad de los operadores.<\/p>\n<p>Producidas en 4 colores, permiten la identificaci\u00f3n de ambientes o tareas en las que se pueden utilizar, evitando la transferencia de residuos y contaminaci\u00f3n.<\/p>\n<p>Superficie extremamente lisa que no acumula suciedad y es muy f\u00e1cil de limpiar.[\/vc_column_text][\/vc_tta_section][vc_tta_section title=&#8221;ESPECIFICACIONES&#8221; tab_id=&#8221;1469117726976-61464585-b617c2f9-01d840b9-97b2&#8243;][vc_column_text]<\/p>\n<table style=\"height: 214px;\" width=\"432\">\n<tbody>\n<tr>\n<td colspan=\"5\" width=\"394\"><strong>Cajas con 6 unidades<\/strong><\/td>\n<\/tr>\n<tr>\n<td><\/td>\n<td><\/td>\n<td><\/td>\n<td><\/td>\n<td><\/td>\n<\/tr>\n<tr>\n<td style=\"text-align: center;\">C\u00f3digo<\/td>\n<td style=\"text-align: center;\">Cor<\/td>\n<td style=\"text-align: center;\">Largo<\/td>\n<td style=\"text-align: center;\">Ancho<\/td>\n<td style=\"text-align: center;\">Alto<\/td>\n<\/tr>\n<tr>\n<td style=\"text-align: center;\">MVCF00AM<\/td>\n<td style=\"text-align: center;\">Amarillo<\/td>\n<td style=\"text-align: center;\">36 cm<\/td>\n<td style=\"text-align: center;\">23,5 cm<\/td>\n<td style=\"text-align: center;\">20 cm<\/td>\n<\/tr>\n<tr>\n<td style=\"text-align: center;\">MVCF00AZ<\/td>\n<td style=\"text-align: center;\">Azul<\/td>\n<td style=\"text-align: center;\">36 cm<\/td>\n<td style=\"text-align: center;\">23,5 cm<\/td>\n<td style=\"text-align: center;\">20 cm<\/td>\n<\/tr>\n<tr>\n<td style=\"text-align: center;\">MVCF00VD<\/td>\n<td style=\"text-align: center;\">Verde<\/td>\n<td style=\"text-align: center;\">36 cm<\/td>\n<td style=\"text-align: center;\">23,5 cm<\/td>\n<td style=\"text-align: center;\">20 cm<\/td>\n<\/tr>\n<tr>\n<td style=\"text-align: center;\">MVCF00VM<\/td>\n<td style=\"text-align: center;\">Rojo<\/td>\n<td style=\"text-align: center;\">36 cm<\/td>\n<td style=\"text-align: center;\">23,5 cm<\/td>\n<td style=\"text-align: center;\">20 cm<\/td>\n<\/tr>\n<\/tbody>\n<\/table>\n<p>[\/vc_column_text][\/vc_tta_section][vc_tta_section title=&#8221;DOWNLOAD&#8221; tab_id=&#8221;1458573806081-b062d59d-1a7bc2f9-01d840b9-97b2&#8243;][vc_single_image image=&#8221;2704&#8243; img_size=&#8221;full&#8221; alignment=&#8221;center&#8221; onclick=&#8221;custom_link&#8221; img_link_target=&#8221;_blank&#8221; link=&#8221;https:\/\/mega.nz\/folder\/HB9XnABB#STqUovk0bsDLtZTTCE8gBg&#8221;][\/vc_tta_section][\/vc_tta_tabs][\/vc_column][\/vc_row][vc_row full_width=&#8221;stretch_row&#8221; css=&#8221;.vc_custom_1616777957016{border-bottom-width: 40px !important;padding-top: 40px !important;background-color: rgba(30,115,190,0.32) !important;*background-color: rgb(30,115,190) !important;}&#8221;][vc_column][vc_row_inner css=&#8221;.vc_custom_1620057554236{padding-top: 40px !important;padding-bottom: 40px !important;}&#8221;][vc_column_inner width=&#8221;1\/3&#8243;][vc_single_image image=&#8221;4924&#8243; img_size=&#8221;300&#215;300&#8243; alignment=&#8221;center&#8221;][vc_column_text]<\/p>\n<h4 style=\"text-align: center;\">Comodidad y practicidad<\/h4>\n<p>Perfecto para almacenar y transportar diversos accesorios, equipos y suministros para tareas de limpieza en general. Su asa central permite un mayor equilibrio durante el uso, siendo una extensi\u00f3n perfecta del coche de limpieza para optimizar el rango de limpieza.[\/vc_column_text][\/vc_column_inner][vc_column_inner width=&#8221;1\/3&#8243;][vc_single_image image=&#8221;4926&#8243; img_size=&#8221;300&#215;300&#8243; alignment=&#8221;center&#8221;][vc_column_text css=&#8221;.vc_custom_1620057524712{padding-top: 0px !important;}&#8221;]<\/p>\n<h4 style=\"text-align: center;\">F\u00e1cil de usar<\/h4>\n<p>Tama\u00f1o y forma ideal para ser utilizado en coches funcionales de Bralimpia y otras marcas, facilitando el transporte y uso de productos y equipos en los diferentes ambientes y situaciones en las que se realizar\u00e1 la limpieza.[\/vc_column_text][\/vc_column_inner][vc_column_inner width=&#8221;1\/3&#8243;][vc_single_image image=&#8221;4925&#8243; img_size=&#8221;300&#215;300&#8243; alignment=&#8221;center&#8221;][vc_column_text css=&#8221;.vc_custom_1620057518166{padding-top: 0px !important;}&#8221;]<\/p>\n<h4 style=\"text-align: center;\"><strong>Mango ergon\u00f3mico<\/strong><\/h4>\n<p>Mango ergon\u00f3mico que facilita su uso brindando comodidad a los operadores evitando da\u00f1os a la integridad de las manos[\/vc_column_text][\/vc_column_inner][\/vc_row_inner][vc_empty_space height=&#8221;40px&#8221;][\/vc_column][\/vc_row]<\/p>\n","protected":false},"excerpt":{"rendered":"<p>[vc_row parallax=&#8221;content-moving-fade&#8221; parallax_image=&#8221;3507&#8243; stm_fullwidth=&#8221;yes&#8221; css=&#8221;.vc_custom_1502248256470{margin-top: 0px !important;margin-bottom: 0px !important;padding-top: 100px !important;padding-bottom: 100px !important;}&#8221;][vc_column][vc_custom_heading text=&#8221;CESTAS PARA LIMPIEZA&#8221; font_container=&#8221;tag:h1|font_size:50|text_align:center|color:%23ffffff&#8221; google_fonts=&#8221;font_family:Lato%3A100%2C100italic%2C300%2C300italic%2Cregular%2Citalic%2C700%2C700italic%2C900%2C900italic|font_style:300%20light%20regular%3A300%3Anormal&#8221;][\/vc_column][\/vc_row][vc_row css=&#8221;.vc_custom_1458590592718{margin-top: 20px !important;padding-bottom: 20px !important;}&#8221;][vc_column width=&#8221;1\/2&#8243;][vc_empty_space][layerslider_vc id=&#8221;52&#8243;][\/vc_column][vc_column width=&#8221;1\/2&#8243;][vc_empty_space height=&#8221;50px&#8221;][vc_custom_heading text=&#8221;CESTAS PARA LIMPIEZA&#8221; font_container=&#8221;tag:h2|font_size:37|text_align:center|line_height:1%2C3&#8243; google_fonts=&#8221;font_family:Lato%3A100%2C100italic%2C300%2C300italic%2Cregular%2Citalic%2C700%2C700italic%2C900%2C900italic|font_style:300%20light%20regular%3A300%3Anormal&#8221;][vc_empty_space height=&#8221;20px&#8221;][vc_tta_tabs active_section=&#8221;1&#8243;][vc_tta_section i_icon_fontawesome=&#8221;fa fa-chevron-right&#8221; add_icon=&#8221;true&#8221; title=&#8221;DESCRIPCI\u00d3N&#8221; tab_id=&#8221;1458228299806-0b58c500-4352c2f9-01d840b9-97b2&#8243;][vc_column_text css=&#8221;.vc_custom_1620051587707{margin-top: 0px !important;padding-top: 0px !important;}&#8221;]Cesta funcional para transportar y almacenar equipos, accesorios y otros insumos para&#8230;<\/p>\n","protected":false},"author":6,"featured_media":0,"parent":0,"menu_order":0,"comment_status":"closed","ping_status":"closed","template":"","meta":[],"_links":{"self":[{"href":"https:\/\/www.bralimpia.com.br\/es\/wp-json\/wp\/v2\/pages\/4923"}],"collection":[{"href":"https:\/\/www.bralimpia.com.br\/es\/wp-json\/wp\/v2\/pages"}],"about":[{"href":"https:\/\/www.bralimpia.com.br\/es\/wp-json\/wp\/v2\/types\/page"}],"author":[{"embeddable":true,"href":"https:\/\/www.bralimpia.com.br\/es\/wp-json\/wp\/v2\/users\/6"}],"replies":[{"embeddable":true,"href":"https:\/\/www.bralimpia.com.br\/es\/wp-json\/wp\/v2\/comments?post=4923"}],"version-history":[{"count":14,"href":"https:\/\/www.bralimpia.com.br\/es\/wp-json\/wp\/v2\/pages\/4923\/revisions"}],"predecessor-version":[{"id":5013,"href":"https:\/\/www.bralimpia.com.br\/es\/wp-json\/wp\/v2\/pages\/4923\/revisions\/5013"}],"wp:attachment":[{"href":"https:\/\/www.bralimpia.com.br\/es\/wp-json\/wp\/v2\/media?parent=4923"}],"curies":[{"name":"wp","href":"https:\/\/api.w.org\/{rel}","templated":true}]}}