{"id":4911,"date":"2021-04-30T20:22:14","date_gmt":"2021-04-30T20:22:14","guid":{"rendered":"https:\/\/www.bralimpia.com.br\/es\/?page_id=4911"},"modified":"2021-04-30T20:22:14","modified_gmt":"2021-04-30T20:22:14","slug":"espatulas-multiuso-125mm","status":"publish","type":"page","link":"https:\/\/www.bralimpia.com.br\/es\/espatulas-multiuso-125mm\/","title":{"rendered":"ESP\u00c1TULAS MULTIUSO 125mm"},"content":{"rendered":"<p>[vc_row parallax=&#8221;content-moving-fade&#8221; parallax_image=&#8221;3507&#8243; stm_fullwidth=&#8221;yes&#8221; css=&#8221;.vc_custom_1502248256470{margin-top: 0px !important;margin-bottom: 0px !important;padding-top: 100px !important;padding-bottom: 100px !important;}&#8221;][vc_column][vc_custom_heading text=&#8221;Esp\u00e1tulas Multiuso&#8221; font_container=&#8221;tag:h1|font_size:50|text_align:center|color:%23ffffff&#8221; google_fonts=&#8221;font_family:Lato%3A100%2C100italic%2C300%2C300italic%2Cregular%2Citalic%2C700%2C700italic%2C900%2C900italic|font_style:300%20light%20regular%3A300%3Anormal&#8221;][\/vc_column][\/vc_row][vc_row css=&#8221;.vc_custom_1458590592718{margin-top: 20px !important;padding-bottom: 20px !important;}&#8221;][vc_column width=&#8221;1\/2&#8243;][vc_empty_space][layerslider_vc id=&#8221;51&#8243;][\/vc_column][vc_column width=&#8221;1\/2&#8243;][vc_empty_space height=&#8221;50px&#8221;][vc_custom_heading text=&#8221;ESP\u00c1TULAS MULTIUSO 125mm&#8221; font_container=&#8221;tag:h2|font_size:37|text_align:center|line_height:1%2C3&#8243; google_fonts=&#8221;font_family:Lato%3A100%2C100italic%2C300%2C300italic%2Cregular%2Citalic%2C700%2C700italic%2C900%2C900italic|font_style:300%20light%20regular%3A300%3Anormal&#8221;][vc_empty_space height=&#8221;20px&#8221;][vc_tta_tabs active_section=&#8221;1&#8243;][vc_tta_section i_icon_fontawesome=&#8221;fa fa-chevron-right&#8221; add_icon=&#8221;true&#8221; title=&#8221;DESCRIPCI\u00d3N&#8221; tab_id=&#8221;1458228299806-0b58c500-4352c2f9-01d83e15-39173ebc-2318&#8243;][vc_column_text css=&#8221;.vc_custom_1619811201400{margin-top: 0px !important;padding-top: 0px !important;}&#8221;]Esp\u00e1tulas multiuso fabricadas en polipropileno. Superficies extremamente lisas para una f\u00e1cil limpieza. Tienen una forma anat\u00f3mica que proporciona una mayor comodidad en su uso. Trabajan a temperaturas de \u20135 \u00baC hasta 50 \u00baC.<\/p>\n<p>Las esp\u00e1tulas de Bralimpia ya se suministran en empaques individuales para facilitar su exposici\u00f3n en los puntos de venta y ayudar a los comerciantes a organizar sus tiendas.<\/p>\n<p><strong>Uso general.<\/strong><br \/>\n<strong>Servicios de alimentaci\u00f3n;<\/strong><br \/>\n<strong>Construcciones y reformas;<\/strong><br \/>\n<strong>Aplicaci\u00f3n de pel\u00edculas (Insulfi lm y adhesivos);<\/strong><br \/>\n<strong>Limpieza general;<\/strong><br \/>\n<strong>Trabajos manuales.<\/strong><\/p>\n<p>Perfectas para diferentes tipos de trabajos, ya que son extremamente ergon\u00f3micas.<br \/>\nLas esp\u00e1tulas llevan la m\u00e1s alta calidad Bralimpia en su ADN.<\/p>\n<p>4 modelos.&lt;<br \/>\n4 tama\u00f1os para diferentes tipos de trabajos.<\/p>\n<p>Mango anat\u00f3mico para mayor comodidad y practicidad.<br \/>\n5 colores.<\/p>\n<p>Producidas en 5 colores, permiten la identificaci\u00f3n de ambientes o tareas en las que se pueden utilizar, evitando la transferencia de residuos y contaminaci\u00f3n.<\/p>\n<p>Superficie extremamente lisa que no acumula suciedad y es muy f\u00e1cil de limpiar.<br \/>\nListas para exhibici\u00f3n en puntos de venta.<\/p>\n<p>Esp\u00e1tulas Bralimpia.<br \/>\nM\u00e1s un \u00edtem indispensable para agregar valor a su trabajo y hacer su vida m\u00e1s f\u00e1cil.[\/vc_column_text][\/vc_tta_section][vc_tta_section title=&#8221;ESPECIFICACIONES&#8221; tab_id=&#8221;1469117726976-61464585-b617c2f9-01d83e15-39173ebc-2318&#8243;][vc_column_text]<\/p>\n<table style=\"height: 211px;\" width=\"422\">\n<tbody>\n<tr>\n<td colspan=\"5\" width=\"100%\"><\/td>\n<\/tr>\n<tr>\n<td><\/td>\n<td><\/td>\n<td><\/td>\n<td><\/td>\n<td><\/td>\n<\/tr>\n<tr>\n<td>C\u00f3digo<\/td>\n<td style=\"text-align: center;\">Color<\/td>\n<td style=\"text-align: center;\">Item<\/td>\n<td style=\"text-align: center;\">Largo<\/td>\n<td style=\"text-align: center;\">C\u00f3digo de Barras<\/td>\n<\/tr>\n<tr>\n<td style=\"text-align: center;\">ESP125AM<\/td>\n<td style=\"text-align: center;\">Amarelo<\/td>\n<td style=\"text-align: center;\">ESP\u00c1TULA USO GERAL<\/td>\n<td>125 mm<\/td>\n<td style=\"text-align: center;\">7899718317769<\/td>\n<\/tr>\n<tr>\n<td style=\"text-align: center;\">ESP125AZ<\/td>\n<td style=\"text-align: center;\">Azul<\/td>\n<td style=\"text-align: center;\">ESP\u00c1TULA USO GERAL<\/td>\n<td>125 mm<\/td>\n<td>7899718317776<\/td>\n<\/tr>\n<tr>\n<td style=\"text-align: center;\">ESP125VD<\/td>\n<td style=\"text-align: center;\">Verde<\/td>\n<td style=\"text-align: center;\">ESP\u00c1TULA USO GERAL<\/td>\n<td>125 mm<\/td>\n<td>7899718317790<\/td>\n<\/tr>\n<tr>\n<td style=\"text-align: center;\">ESP125VM<\/td>\n<td style=\"text-align: center;\">Vermelho<\/td>\n<td style=\"text-align: center;\">ESP\u00c1TULA USO GERAL<\/td>\n<td>125 mm<\/td>\n<td>7899718317806<\/td>\n<\/tr>\n<tr>\n<td style=\"text-align: center;\">ESP125BR<\/td>\n<td style=\"text-align: center;\">Branco<\/td>\n<td style=\"text-align: center;\">ESP\u00c1TULA USO GERAL<\/td>\n<td>125 mm<\/td>\n<td>7899718317783<\/td>\n<\/tr>\n<\/tbody>\n<\/table>\n<p>[\/vc_column_text][\/vc_tta_section][vc_tta_section title=&#8221;DOWNLOAD&#8221; tab_id=&#8221;1458573806081-b062d59d-1a7bc2f9-01d83e15-39173ebc-2318&#8243;][vc_single_image image=&#8221;2704&#8243; img_size=&#8221;full&#8221; alignment=&#8221;center&#8221; onclick=&#8221;custom_link&#8221; link=&#8221;https:\/\/mega.nz\/folder\/rN0FRI6Y#fR7x_BjkKjaO6M9UCIgFXw&#8221;][\/vc_tta_section][\/vc_tta_tabs][\/vc_column][\/vc_row][vc_row full_width=&#8221;stretch_row&#8221; css=&#8221;.vc_custom_1616777957016{border-bottom-width: 40px !important;padding-top: 40px !important;background-color: rgba(30,115,190,0.32) !important;*background-color: rgb(30,115,190) !important;}&#8221;][vc_column][vc_row_inner content_placement=&#8221;middle&#8221; css=&#8221;.vc_custom_1619810827502{padding-top: 40px !important;padding-bottom: 40px !important;}&#8221;][vc_column_inner width=&#8221;1\/3&#8243;][vc_single_image image=&#8221;4912&#8243; img_size=&#8221;300&#215;300&#8243;][\/vc_column_inner][vc_column_inner width=&#8221;1\/3&#8243;][vc_single_image image=&#8221;4913&#8243; img_size=&#8221;300&#215;300&#8243;][\/vc_column_inner][vc_column_inner width=&#8221;1\/3&#8243;][vc_column_text]Las esp\u00e1tulas de Bralimpia ya se suministran en empaques individuales para facilitar su exposici\u00f3n en los puntos de venta y ayudar a los comerciantes a organizar sus tiendas.[\/vc_column_text][\/vc_column_inner][\/vc_row_inner][vc_empty_space height=&#8221;40px&#8221;][\/vc_column][\/vc_row]<\/p>\n","protected":false},"excerpt":{"rendered":"<p>[vc_row parallax=&#8221;content-moving-fade&#8221; parallax_image=&#8221;3507&#8243; stm_fullwidth=&#8221;yes&#8221; css=&#8221;.vc_custom_1502248256470{margin-top: 0px !important;margin-bottom: 0px !important;padding-top: 100px !important;padding-bottom: 100px !important;}&#8221;][vc_column][vc_custom_heading text=&#8221;Esp\u00e1tulas Multiuso&#8221; font_container=&#8221;tag:h1|font_size:50|text_align:center|color:%23ffffff&#8221; google_fonts=&#8221;font_family:Lato%3A100%2C100italic%2C300%2C300italic%2Cregular%2Citalic%2C700%2C700italic%2C900%2C900italic|font_style:300%20light%20regular%3A300%3Anormal&#8221;][\/vc_column][\/vc_row][vc_row css=&#8221;.vc_custom_1458590592718{margin-top: 20px !important;padding-bottom: 20px !important;}&#8221;][vc_column width=&#8221;1\/2&#8243;][vc_empty_space][layerslider_vc id=&#8221;51&#8243;][\/vc_column][vc_column width=&#8221;1\/2&#8243;][vc_empty_space height=&#8221;50px&#8221;][vc_custom_heading text=&#8221;ESP\u00c1TULAS MULTIUSO 125mm&#8221; font_container=&#8221;tag:h2|font_size:37|text_align:center|line_height:1%2C3&#8243; google_fonts=&#8221;font_family:Lato%3A100%2C100italic%2C300%2C300italic%2Cregular%2Citalic%2C700%2C700italic%2C900%2C900italic|font_style:300%20light%20regular%3A300%3Anormal&#8221;][vc_empty_space height=&#8221;20px&#8221;][vc_tta_tabs active_section=&#8221;1&#8243;][vc_tta_section i_icon_fontawesome=&#8221;fa fa-chevron-right&#8221; add_icon=&#8221;true&#8221; title=&#8221;DESCRIPCI\u00d3N&#8221; tab_id=&#8221;1458228299806-0b58c500-4352c2f9-01d83e15-39173ebc-2318&#8243;][vc_column_text css=&#8221;.vc_custom_1619811201400{margin-top: 0px !important;padding-top: 0px !important;}&#8221;]Esp\u00e1tulas multiuso fabricadas en polipropileno. Superficies extremamente lisas para una f\u00e1cil limpieza. Tienen&#8230;<\/p>\n","protected":false},"author":6,"featured_media":0,"parent":0,"menu_order":0,"comment_status":"closed","ping_status":"closed","template":"","meta":[],"_links":{"self":[{"href":"https:\/\/www.bralimpia.com.br\/es\/wp-json\/wp\/v2\/pages\/4911"}],"collection":[{"href":"https:\/\/www.bralimpia.com.br\/es\/wp-json\/wp\/v2\/pages"}],"about":[{"href":"https:\/\/www.bralimpia.com.br\/es\/wp-json\/wp\/v2\/types\/page"}],"author":[{"embeddable":true,"href":"https:\/\/www.bralimpia.com.br\/es\/wp-json\/wp\/v2\/users\/6"}],"replies":[{"embeddable":true,"href":"https:\/\/www.bralimpia.com.br\/es\/wp-json\/wp\/v2\/comments?post=4911"}],"version-history":[{"count":1,"href":"https:\/\/www.bralimpia.com.br\/es\/wp-json\/wp\/v2\/pages\/4911\/revisions"}],"predecessor-version":[{"id":4914,"href":"https:\/\/www.bralimpia.com.br\/es\/wp-json\/wp\/v2\/pages\/4911\/revisions\/4914"}],"wp:attachment":[{"href":"https:\/\/www.bralimpia.com.br\/es\/wp-json\/wp\/v2\/media?parent=4911"}],"curies":[{"name":"wp","href":"https:\/\/api.w.org\/{rel}","templated":true}]}}