{"id":4848,"date":"2021-04-21T19:31:44","date_gmt":"2021-04-21T19:31:44","guid":{"rendered":"https:\/\/www.bralimpia.com.br\/es\/?page_id=4848"},"modified":"2025-07-04T15:12:05","modified_gmt":"2025-07-04T15:12:05","slug":"cabezal-articulado-mopa-plana","status":"publish","type":"page","link":"https:\/\/www.bralimpia.com.br\/es\/cabezal-articulado-mopa-plana\/","title":{"rendered":"ARMAZ\u00d3N ARTICULADA MOPA PLANA"},"content":{"rendered":"<p>[vc_row parallax=&#8221;content-moving-fade&#8221; parallax_image=&#8221;3507&#8243; stm_fullwidth=&#8221;yes&#8221; css=&#8221;.vc_custom_1502248256470{margin-top: 0px !important;margin-bottom: 0px !important;padding-top: 100px !important;padding-bottom: 100px !important;}&#8221;][vc_column][vc_custom_heading text=&#8221;LIMPIEZA H\u00daMEDA&#8221; font_container=&#8221;tag:h1|font_size:50|text_align:center|color:%23ffffff&#8221; google_fonts=&#8221;font_family:Lato%3A100%2C100italic%2C300%2C300italic%2Cregular%2Citalic%2C700%2C700italic%2C900%2C900italic|font_style:300%20light%20regular%3A300%3Anormal&#8221;][\/vc_column][\/vc_row][vc_row css=&#8221;.vc_custom_1458590592718{margin-top: 20px !important;padding-bottom: 20px !important;}&#8221;][vc_column width=&#8221;1\/2&#8243;][vc_empty_space][layerslider_vc id=&#8221;47&#8243;][\/vc_column][vc_column width=&#8221;1\/2&#8243;][vc_empty_space height=&#8221;50px&#8221;][vc_custom_heading text=&#8221;ARMAZ\u00d3N ARTICULADA MOPA PLANA&#8221; font_container=&#8221;tag:h2|font_size:37|text_align:center|line_height:1%2C3&#8243; google_fonts=&#8221;font_family:Lato%3A100%2C100italic%2C300%2C300italic%2Cregular%2Citalic%2C700%2C700italic%2C900%2C900italic|font_style:300%20light%20regular%3A300%3Anormal&#8221;][vc_empty_space height=&#8221;20px&#8221;][vc_tta_tabs active_section=&#8221;1&#8243;][vc_tta_section i_icon_fontawesome=&#8221;fa fa-chevron-right&#8221; add_icon=&#8221;true&#8221; title=&#8221;DESCRIPCI\u00d3N&#8221; tab_id=&#8221;1458228299806-0b58c500-4352c2f9-01d8d5a2-cf52&#8243;][vc_column_text css=&#8221;.vc_custom_1624023156339{margin-top: 0px !important;padding-top: 0px !important;}&#8221;]El sistema de fijaci\u00f3n de repuestos para limpieza de pisos h\u00famedos tiene estructura abatible y cierres para fijar almohadillas de algod\u00f3n, manta no tejida y microfibra.<\/p>\n<p>Este sistema permite un mejor uso de los exprimidores del juego de mopas, eliminando el exceso de humedad de las almohadillas de manera m\u00e1s eficiente.<\/p>\n<p>Producido en polipropileno, tiene alta durabilidad y superficies con baja porosidad, que permiten una f\u00e1cil limpieza y ayudan a prevenir la contaminaci\u00f3n cruzada.[\/vc_column_text][\/vc_tta_section][vc_tta_section title=&#8221;ESPECIFICACIONES&#8221; tab_id=&#8221;1469117726976-61464585-b617c2f9-01d8d5a2-cf52&#8243;][vc_column_text]<\/p>\n<table style=\"height: 115px;\" width=\"556\">\n<tbody>\n<tr>\n<td style=\"text-align: center;\" width=\"137\"><strong>Descripci\u00f3n<\/strong><\/td>\n<td style=\"text-align: center;\" width=\"64\"><strong>Largo<\/strong><\/td>\n<td style=\"text-align: center;\" width=\"64\"><strong>Ancho<\/strong><\/td>\n<td style=\"text-align: center;\" width=\"64\"><strong>Alto<\/strong><\/td>\n<td style=\"text-align: center;\" width=\"64\"><strong>Peso<\/strong><\/td>\n<td style=\"text-align: center;\" width=\"117\"><strong>Codigo<\/strong><\/td>\n<\/tr>\n<tr>\n<td style=\"text-align: center;\">Individual<\/td>\n<td style=\"text-align: center;\">40 cm<\/td>\n<td style=\"text-align: center;\">11 cm<\/td>\n<td style=\"text-align: center;\">11 cm<\/td>\n<td>0,380 kg<\/td>\n<td style=\"text-align: center;\">AMP400<\/td>\n<\/tr>\n<tr>\n<td style=\"text-align: center;\">Empaque con 3<\/td>\n<td style=\"text-align: center;\">55 cm<\/td>\n<td style=\"text-align: center;\">25 cm<\/td>\n<td style=\"text-align: center;\">25 cm<\/td>\n<td style=\"text-align: center;\">1,150 kg<\/td>\n<td style=\"text-align: center;\">MVAMP400<\/td>\n<\/tr>\n<\/tbody>\n<\/table>\n<p>[\/vc_column_text][\/vc_tta_section][vc_tta_section title=&#8221;DOWNLOAD&#8221; tab_id=&#8221;1458573806081-b062d59d-1a7bc2f9-01d8d5a2-cf52&#8243;][vc_single_image image=&#8221;2704&#8243; img_size=&#8221;full&#8221; alignment=&#8221;center&#8221; onclick=&#8221;custom_link&#8221; link=&#8221;https:\/\/mega.nz\/folder\/PItyGQoK#iFpev_0LSsWYLs64adaiCQ&#8221;][\/vc_tta_section][\/vc_tta_tabs][\/vc_column][\/vc_row][vc_row full_width=&#8221;stretch_row&#8221; css=&#8221;.vc_custom_1616777957016{border-bottom-width: 40px !important;padding-top: 40px !important;background-color: rgba(30,115,190,0.32) !important;*background-color: rgb(30,115,190) !important;}&#8221;][vc_column][vc_column_text]<\/p>\n<h2 style=\"text-align: center;\">Para usar en exprimidores verticales<\/h2>\n<p>[\/vc_column_text][vc_column_text]<\/p>\n<p style=\"text-align: center;\">El sistema de recambio Mopa Plana se debe utilizar con exprimidores verticales, de modo que la presi\u00f3n sobre la almohadilla sea uniforme.<br \/>\nEl operador defi ne si necesita m\u00e1s absorci\u00f3n o un mayor volumen de disoluci\u00f3n para aplicar a los pisos.<\/p>\n<p>[\/vc_column_text][vc_row_inner css=&#8221;.vc_custom_1616778446434{padding-top: 40px !important;padding-bottom: 40px !important;}&#8221;][vc_column_inner width=&#8221;1\/3&#8243;][vc_single_image image=&#8221;4804&#8243; img_size=&#8221;300&#215;400&#8243; alignment=&#8221;center&#8221;][vc_column_text]<\/p>\n<p style=\"text-align: center;\">Para ser utilizado em baldes espremedores com espremedor horizontal para otimizar a prensagem do refil e facilitar a escolha do volume de umidade que se deseja na limpeza dos pisos.<\/p>\n<p>[\/vc_column_text][\/vc_column_inner][vc_column_inner width=&#8221;1\/3&#8243;][vc_single_image image=&#8221;5789&#8243; img_size=&#8221;300&#215;400&#8243; alignment=&#8221;center&#8221;][vc_column_text]<\/p>\n<p style=\"text-align: center;\">Arma\u00e7\u00e3o Mop Plano Bralimpia com sistema de<br \/>\ngarras que prendem os refis em algod\u00e3o e<br \/>\nproporcionam press\u00e3o uniforme sobre os<br \/>\npisos, otimizando a limpeza.<\/p>\n<p>[\/vc_column_text][\/vc_column_inner][vc_column_inner width=&#8221;1\/3&#8243;][vc_single_image image=&#8221;5790&#8243; img_size=&#8221;300&#215;400&#8243;][vc_column_text]<\/p>\n<p style=\"text-align: center;\">Arma\u00e7\u00e3o Mop Plano Bralimpia com sistema de<br \/>\ngarras que prendem os refis em algod\u00e3o e<br \/>\nproporcionam press\u00e3o uniforme sobre os<br \/>\npisos, otimizando a limpeza.<\/p>\n<p>[\/vc_column_text][\/vc_column_inner][\/vc_row_inner][vc_empty_space height=&#8221;40px&#8221;][\/vc_column][\/vc_row][vc_row full_width=&#8221;stretch_row&#8221; css=&#8221;.vc_custom_1751641841776{border-bottom-width: 40px !important;padding-top: 40px !important;}&#8221;][vc_column][vc_row_inner css=&#8221;.vc_custom_1616778446434{padding-top: 40px !important;padding-bottom: 40px !important;}&#8221;][vc_column_inner width=&#8221;1\/3&#8243;][vc_single_image image=&#8221;5791&#8243; img_size=&#8221;300&#215;400&#8243; alignment=&#8221;center&#8221;][\/vc_column_inner][vc_column_inner width=&#8221;1\/3&#8243;][vc_single_image image=&#8221;5792&#8243; img_size=&#8221;300&#215;400&#8243; alignment=&#8221;center&#8221;][\/vc_column_inner][vc_column_inner width=&#8221;1\/3&#8243;][vc_single_image image=&#8221;5789&#8243; img_size=&#8221;300&#215;400&#8243;][\/vc_column_inner][\/vc_row_inner][vc_column_text]<\/p>\n<div class=\"vc_row wpb_row vc_row-fluid vc_custom_1616605695112\" data-vc-full-width=\"true\" data-vc-full-width-init=\"true\">\n<div class=\"wpb_column vc_column_container vc_col-sm-12\">\n<div class=\"vc_column-inner\">\n<div class=\"wpb_wrapper\">\n<div class=\"wpb_text_column wpb_content_element \">\n<div class=\"wpb_wrapper\">\n<p style=\"text-align: center;\"><strong>Refil em algod\u00e3o cr\u00fa para ser utilizado com a arma\u00e7\u00e3o Mop Plano Bralimpia.<\/strong><\/p>\n<p style=\"text-align: center;\">Extremamente resistente, promove press\u00e3o uniforme sobre os pisos, espalhando a solu\u00e7\u00e3o limpadora com maior efici\u00eancia.<br \/>\nPossui abrasividade certa para umedecer e retirar sujidades soltas e aderidas aos pisos.<\/p>\n<\/div>\n<\/div>\n<div class=\"vc_empty_space\"><\/div>\n<\/div>\n<\/div>\n<\/div>\n<\/div>\n<div class=\"vc_row-full-width\"><\/div>\n<div class=\"vc_row wpb_row vc_row-fluid vc_custom_1721764289758\" data-vc-full-width=\"true\" data-vc-full-width-init=\"true\">\n<div class=\"wpb_column vc_column_container vc_col-sm-12\">\n<div class=\"vc_column-inner\">\n<div class=\"wpb_wrapper\">\n<div class=\"vc_row wpb_row vc_inner vc_row-fluid vc_row-o-content-middle vc_row-flex\">\n<div class=\"wpb_column vc_column_container vc_col-sm-4\">\n<div class=\"vc_column-inner\">\n<div class=\"wpb_wrapper\">\n<div class=\"wpb_single_image wpb_content_element vc_align_center\"><\/div>\n<\/div>\n<\/div>\n<\/div>\n<\/div>\n<\/div>\n<\/div>\n<\/div>\n<\/div>\n<p>[\/vc_column_text][vc_empty_space height=&#8221;40px&#8221;][\/vc_column][\/vc_row][vc_row full_width=&#8221;stretch_row&#8221; css=&#8221;.vc_custom_1751641836343{border-bottom-width: 40px !important;padding-top: 40px !important;background-color: rgba(30,115,190,0.32) !important;*background-color: rgb(30,115,190) !important;}&#8221;][vc_column][vc_row_inner content_placement=&#8221;middle&#8221; css=&#8221;.vc_custom_1616778455066{padding-top: 40px !important;padding-bottom: 40px !important;}&#8221;][vc_column_inner width=&#8221;1\/3&#8243;][vc_single_image image=&#8221;5721&#8243; img_size=&#8221;300&#215;400&#8243;][\/vc_column_inner][vc_column_inner width=&#8221;1\/3&#8243;][vc_single_image image=&#8221;5723&#8243; img_size=&#8221;300&#215;400&#8243;][\/vc_column_inner][vc_column_inner width=&#8221;1\/3&#8243;][vc_column_text]<\/p>\n<h3>Trava de ajuste do \u00e2ngulo de trabalho do suporte.<\/h3>\n<p>A trava permite liberar a arma\u00e7\u00e3o para ter movimento livre em todas as dire\u00e7\u00f5es.[\/vc_column_text][\/vc_column_inner][\/vc_row_inner][vc_empty_space height=&#8221;40px&#8221;][\/vc_column][\/vc_row]<\/p>\n","protected":false},"excerpt":{"rendered":"<p>[vc_row parallax=&#8221;content-moving-fade&#8221; parallax_image=&#8221;3507&#8243; stm_fullwidth=&#8221;yes&#8221; css=&#8221;.vc_custom_1502248256470{margin-top: 0px !important;margin-bottom: 0px !important;padding-top: 100px !important;padding-bottom: 100px !important;}&#8221;][vc_column][vc_custom_heading text=&#8221;LIMPIEZA H\u00daMEDA&#8221; font_container=&#8221;tag:h1|font_size:50|text_align:center|color:%23ffffff&#8221; google_fonts=&#8221;font_family:Lato%3A100%2C100italic%2C300%2C300italic%2Cregular%2Citalic%2C700%2C700italic%2C900%2C900italic|font_style:300%20light%20regular%3A300%3Anormal&#8221;][\/vc_column][\/vc_row][vc_row css=&#8221;.vc_custom_1458590592718{margin-top: 20px !important;padding-bottom: 20px !important;}&#8221;][vc_column width=&#8221;1\/2&#8243;][vc_empty_space][layerslider_vc id=&#8221;47&#8243;][\/vc_column][vc_column width=&#8221;1\/2&#8243;][vc_empty_space height=&#8221;50px&#8221;][vc_custom_heading text=&#8221;ARMAZ\u00d3N ARTICULADA MOPA PLANA&#8221; font_container=&#8221;tag:h2|font_size:37|text_align:center|line_height:1%2C3&#8243; google_fonts=&#8221;font_family:Lato%3A100%2C100italic%2C300%2C300italic%2Cregular%2Citalic%2C700%2C700italic%2C900%2C900italic|font_style:300%20light%20regular%3A300%3Anormal&#8221;][vc_empty_space height=&#8221;20px&#8221;][vc_tta_tabs active_section=&#8221;1&#8243;][vc_tta_section i_icon_fontawesome=&#8221;fa fa-chevron-right&#8221; add_icon=&#8221;true&#8221; title=&#8221;DESCRIPCI\u00d3N&#8221; tab_id=&#8221;1458228299806-0b58c500-4352c2f9-01d8d5a2-cf52&#8243;][vc_column_text css=&#8221;.vc_custom_1624023156339{margin-top: 0px !important;padding-top: 0px !important;}&#8221;]El sistema de fijaci\u00f3n de repuestos para limpieza de pisos h\u00famedos tiene&#8230;<\/p>\n","protected":false},"author":6,"featured_media":0,"parent":0,"menu_order":0,"comment_status":"closed","ping_status":"closed","template":"","meta":[],"_links":{"self":[{"href":"https:\/\/www.bralimpia.com.br\/es\/wp-json\/wp\/v2\/pages\/4848"}],"collection":[{"href":"https:\/\/www.bralimpia.com.br\/es\/wp-json\/wp\/v2\/pages"}],"about":[{"href":"https:\/\/www.bralimpia.com.br\/es\/wp-json\/wp\/v2\/types\/page"}],"author":[{"embeddable":true,"href":"https:\/\/www.bralimpia.com.br\/es\/wp-json\/wp\/v2\/users\/6"}],"replies":[{"embeddable":true,"href":"https:\/\/www.bralimpia.com.br\/es\/wp-json\/wp\/v2\/comments?post=4848"}],"version-history":[{"count":8,"href":"https:\/\/www.bralimpia.com.br\/es\/wp-json\/wp\/v2\/pages\/4848\/revisions"}],"predecessor-version":[{"id":5794,"href":"https:\/\/www.bralimpia.com.br\/es\/wp-json\/wp\/v2\/pages\/4848\/revisions\/5794"}],"wp:attachment":[{"href":"https:\/\/www.bralimpia.com.br\/es\/wp-json\/wp\/v2\/media?parent=4848"}],"curies":[{"name":"wp","href":"https:\/\/api.w.org\/{rel}","templated":true}]}}