{"id":1396,"date":"2016-02-22T20:25:14","date_gmt":"2016-02-22T20:25:14","guid":{"rendered":"http:\/\/www.bralimpia.com.br\/es\/?page_id=1396"},"modified":"2018-09-10T18:45:15","modified_gmt":"2018-09-10T18:45:15","slug":"quem-somos","status":"publish","type":"page","link":"https:\/\/www.bralimpia.com.br\/es\/quem-somos\/","title":{"rendered":"QUEM SOMOS"},"content":{"rendered":"<p>[vc_row parallax=&#8221;content-moving-fade&#8221; parallax_image=&#8221;3363&#8243; stm_fullwidth=&#8221;yes&#8221; css=&#8221;.vc_custom_1502199936415{margin-top: 0px !important;margin-bottom: 0px !important;padding-top: 110px !important;padding-bottom: 110px !important;}&#8221;][vc_column][vc_custom_heading text=&#8221;Quienes somos&#8221; font_container=&#8221;tag:h2|text_align:center|color:%23ffffff&#8221; google_fonts=&#8221;font_family:Lato%3A100%2C100italic%2C300%2C300italic%2Cregular%2Citalic%2C700%2C700italic%2C900%2C900italic|font_style:700%20bold%20regular%3A700%3Anormal&#8221;][\/vc_column][\/vc_row][vc_row stm_fullwidth=&#8221;yes&#8221;][vc_column][vc_empty_space height=&#8221;42px&#8221;][vc_row_inner css=&#8221;.vc_custom_1467655285454{background-position: center !important;background-repeat: no-repeat !important;background-size: cover !important;}&#8221;][vc_column_inner width=&#8221;1\/2&#8243;][vc_custom_heading text=&#8221;Conocimiento y tecnolog\u00eda para perfeccionar el segmento de limpieza, aseo y conservaci\u00f3n en Brasil y en el mundo!&#8221; font_container=&#8221;tag:h2|font_size:30|text_align:left|color:%23219ace&#8221; google_fonts=&#8221;font_family:Lato%3A100%2C100italic%2C300%2C300italic%2Cregular%2Citalic%2C700%2C700italic%2C900%2C900italic|font_style:300%20light%20regular%3A300%3Anormal&#8221;][vc_column_text]Desde su fundaci\u00f3n, La Bralimpia Equipamentos tiene por objetivo el perfeccionamiento continuo del segmento de limpieza, conservaci\u00f3n y aseo en Brasil y en el mundo. Para ello, se ha colocado al lado de sus consumidores participando activamente en la identificaci\u00f3n de necesidades, desarrollo de soluciones y capacitaci\u00f3n de todos los eslabones de esta cadena, cuyo impacto en la econom\u00eda es fundamental, tanto por las empresas que act\u00faan directamente en la Limpieza o por las que la utilizan en sus procesos de producci\u00f3n.<\/p>\n<p>M\u00e1s all\u00e1 de fabricar y comercializar productos, Bralimpia equipamientos agrega ventajas competitivas a trav\u00e9s de soluciones completas e integradas, que agregan facilidad operacional adem\u00e1s de ganancias de productividad, altos niveles de protecci\u00f3n a los trabajadores y usuarios, y ganancias ambientales.<\/p>\n<p>Sendo um fabricante com capital exclusivamente nacional, emprega a tecnologia e a experi\u00eancia adquiridas nas reais condi\u00e7\u00f5es de utiliza\u00e7\u00e3o de seus produtos, e isso permite estar ao lado das mais importantes empresas.[\/vc_column_text][vc_empty_space height=&#8221;42px&#8221;][\/vc_column_inner][vc_column_inner width=&#8221;1\/2&#8243; css=&#8221;.vc_custom_1467655503839{background-position: center !important;background-repeat: no-repeat !important;background-size: cover !important;}&#8221;][vc_single_image image=&#8221;4322&#8243; img_size=&#8221;full&#8221;][\/vc_column_inner][\/vc_row_inner][\/vc_column][\/vc_row][vc_row parallax=&#8221;content-moving-fade&#8221; stm_fullwidth=&#8221;yes&#8221; css=&#8221;.vc_custom_1467654633746{margin-top: 0px !important;margin-bottom: 0px !important;background-color: rgba(135,163,191,0.29) !important;*background-color: rgb(135,163,191) !important;}&#8221;][vc_column el_class=&#8221;stm-col-pad-right&#8221; css=&#8221;.vc_custom_1445583873131{margin-bottom: 35px !important;}&#8221;][vc_empty_space height=&#8221;52px&#8221;][vc_custom_heading text=&#8221;Principios Organizacionales&#8221; font_container=&#8221;tag:h2|font_size:29|text_align:center|color:%23219ace&#8221; google_fonts=&#8221;font_family:Lato%3A100%2C100italic%2C300%2C300italic%2Cregular%2Citalic%2C700%2C700italic%2C900%2C900italic|font_style:300%20light%20regular%3A300%3Anormal&#8221;][vc_empty_space][vc_row_inner css=&#8221;.vc_custom_1467646023597{margin-bottom: 30px !important;}&#8221;][vc_column_inner width=&#8221;1\/6&#8243;][vc_custom_heading text=&#8221;MISI\u00d3N \/&#8221; font_container=&#8221;tag:h2|font_size:33|text_align:center|color:%23219ace&#8221; google_fonts=&#8221;font_family:Lato%3A100%2C100italic%2C300%2C300italic%2Cregular%2Citalic%2C700%2C700italic%2C900%2C900italic|font_style:300%20light%20regular%3A300%3Anormal&#8221;][\/vc_column_inner][vc_column_inner width=&#8221;5\/6&#8243;][vc_column_text]Contribuir a la salud y el bienestar de las personas, a trav\u00e9s de soluciones innovadoras y eficientes en la limpieza profesional y dom\u00e9stica, haciendo la vida m\u00e1s f\u00e1cil.[\/vc_column_text][\/vc_column_inner][\/vc_row_inner][vc_row_inner css=&#8221;.vc_custom_1467645020433{margin-bottom: 30px !important;}&#8221;][vc_column_inner width=&#8221;1\/6&#8243; css=&#8221;.vc_custom_1467645671296{margin-right: 0px !important;border-right-width: 0px !important;padding-right: 0px !important;}&#8221;][vc_custom_heading text=&#8221;VISI\u00d3N \/&#8221; font_container=&#8221;tag:h2|font_size:33|text_align:center|color:%23219ace&#8221; google_fonts=&#8221;font_family:Lato%3A100%2C100italic%2C300%2C300italic%2Cregular%2Citalic%2C700%2C700italic%2C900%2C900italic|font_style:300%20light%20regular%3A300%3Anormal&#8221;][\/vc_column_inner][vc_column_inner width=&#8221;5\/6&#8243;][vc_column_text css=&#8221;.vc_custom_1536601853267{margin-left: 0px !important;border-left-width: 0px !important;padding-left: 0px !important;}&#8221;]Ser reconocida como la marca l\u00edder en el segmento de limpieza profesional por sus productos y servicios, por la calidad de las relaciones que establece con sus proveedores y clientes, colaboradores, accionistas y comunidad y el compromiso de construir un mundo mejor.[\/vc_column_text][\/vc_column_inner][\/vc_row_inner][vc_row_inner][vc_column_inner width=&#8221;1\/6&#8243;][vc_custom_heading text=&#8221;VALORES \/&#8221; font_container=&#8221;tag:h2|font_size:31|text_align:center|color:%23219ace&#8221; google_fonts=&#8221;font_family:Lato%3A100%2C100italic%2C300%2C300italic%2Cregular%2Citalic%2C700%2C700italic%2C900%2C900italic|font_style:300%20light%20regular%3A300%3Anormal&#8221;][\/vc_column_inner][vc_column_inner width=&#8221;5\/6&#8243;][vc_column_text]<\/p>\n<p style=\"text-align: left;\">\u2022 Tener responsabilidad y participaci\u00f3n social;<br \/>\n\u2022 Desarrollar y reconocer la diversidad de talentos de nuestros empleados;<br \/>\n\u2022 Buscar continuamente la mejora de los procesos de la empresa;<br \/>\n\u2022 Perfeccionar las relaciones con proveedores, clientes, colaboradores, accionistas, y comunidad.<br \/>\n\u2022 Conquistar la admiraci\u00f3n de los involucrados con la Bralimpia.<\/p>\n<p style=\"text-align: left;\"><span style=\"color: #333333;\"><em>\u00a0<\/em><\/span><\/p>\n<p>[\/vc_column_text][\/vc_column_inner][\/vc_row_inner][\/vc_column][\/vc_row][vc_row full_width=&#8221;stretch_row&#8221; css=&#8221;.vc_custom_1445594139247{margin-bottom: 0px !important;padding-top: 48px !important;padding-bottom: 15px !important;background-color: #f0f2f5 !important;}&#8221;][vc_column][vc_media_grid element_width=&#8221;3&#8243; gap=&#8221;35&#8243; grid_id=&#8221;vc_gid:1536600284019-544b591e3e853211794a62c4f5097f47-9&#8243; include=&#8221;2441,2442,2443,2444&#8243;][\/vc_column][\/vc_row]<\/p>\n","protected":false},"excerpt":{"rendered":"<p>[vc_row parallax=&#8221;content-moving-fade&#8221; parallax_image=&#8221;3363&#8243; stm_fullwidth=&#8221;yes&#8221; css=&#8221;.vc_custom_1502199936415{margin-top: 0px !important;margin-bottom: 0px !important;padding-top: 110px !important;padding-bottom: 110px !important;}&#8221;][vc_column][vc_custom_heading text=&#8221;Quienes somos&#8221; font_container=&#8221;tag:h2|text_align:center|color:%23ffffff&#8221; google_fonts=&#8221;font_family:Lato%3A100%2C100italic%2C300%2C300italic%2Cregular%2Citalic%2C700%2C700italic%2C900%2C900italic|font_style:700%20bold%20regular%3A700%3Anormal&#8221;][\/vc_column][\/vc_row][vc_row stm_fullwidth=&#8221;yes&#8221;][vc_column][vc_empty_space height=&#8221;42px&#8221;][vc_row_inner css=&#8221;.vc_custom_1467655285454{background-position: center !important;background-repeat: no-repeat !important;background-size: cover !important;}&#8221;][vc_column_inner width=&#8221;1\/2&#8243;][vc_custom_heading text=&#8221;Conocimiento y tecnolog\u00eda para perfeccionar el segmento de limpieza, aseo y conservaci\u00f3n en Brasil y en el mundo!&#8221; font_container=&#8221;tag:h2|font_size:30|text_align:left|color:%23219ace&#8221; google_fonts=&#8221;font_family:Lato%3A100%2C100italic%2C300%2C300italic%2Cregular%2Citalic%2C700%2C700italic%2C900%2C900italic|font_style:300%20light%20regular%3A300%3Anormal&#8221;][vc_column_text]Desde su fundaci\u00f3n, La Bralimpia Equipamentos tiene por objetivo&#8230;<\/p>\n","protected":false},"author":2,"featured_media":0,"parent":0,"menu_order":0,"comment_status":"closed","ping_status":"closed","template":"","meta":[],"_links":{"self":[{"href":"https:\/\/www.bralimpia.com.br\/es\/wp-json\/wp\/v2\/pages\/1396"}],"collection":[{"href":"https:\/\/www.bralimpia.com.br\/es\/wp-json\/wp\/v2\/pages"}],"about":[{"href":"https:\/\/www.bralimpia.com.br\/es\/wp-json\/wp\/v2\/types\/page"}],"author":[{"embeddable":true,"href":"https:\/\/www.bralimpia.com.br\/es\/wp-json\/wp\/v2\/users\/2"}],"replies":[{"embeddable":true,"href":"https:\/\/www.bralimpia.com.br\/es\/wp-json\/wp\/v2\/comments?post=1396"}],"version-history":[{"count":37,"href":"https:\/\/www.bralimpia.com.br\/es\/wp-json\/wp\/v2\/pages\/1396\/revisions"}],"predecessor-version":[{"id":4330,"href":"https:\/\/www.bralimpia.com.br\/es\/wp-json\/wp\/v2\/pages\/1396\/revisions\/4330"}],"wp:attachment":[{"href":"https:\/\/www.bralimpia.com.br\/es\/wp-json\/wp\/v2\/media?parent=1396"}],"curies":[{"name":"wp","href":"https:\/\/api.w.org\/{rel}","templated":true}]}}